{"id":576,"date":"2019-07-17T19:44:41","date_gmt":"2019-07-17T17:44:41","guid":{"rendered":"http:\/\/brezopublicidad.com\/?page_id=576"},"modified":"2019-07-17T20:11:57","modified_gmt":"2019-07-17T18:11:57","slug":"politica-privacidad","status":"publish","type":"page","link":"https:\/\/brezopublicidad.com\/index.php\/politica-privacidad\/","title":{"rendered":"Pol\u00edtica de Privacidad"},"content":{"rendered":"<section class=\"wpb-content-wrapper\"><p>[vc_row css_animation=\u00bb\u00bb row_type=\u00bbrow\u00bb use_row_as_full_screen_section=\u00bbno\u00bb type=\u00bbfull_width\u00bb angled_section=\u00bbno\u00bb text_align=\u00bbleft\u00bb background_image_as_pattern=\u00bbwithout_pattern\u00bb css=\u00bb.vc_custom_1561118464746{padding-top: 40px !important;padding-bottom: 40px !important;}\u00bb z_index=\u00bb\u00bb][vc_column][vc_column_text]<\/p>\n<h1 style=\"text-align: center;\">Pol\u00edtica de Privacidad<\/h1>\n<p><strong><u>1.- INFORMACI\u00d3N AL USUARIO:<\/u><\/strong><\/p>\n<p><u>\u00a0<\/u><\/p>\n<p>BREZO SERVICIOS PUBLICITARIOS S.L informa a los usuarios del sitio web sobre su pol\u00edtica respecto del tratamiento y protecci\u00f3n de los datos de car\u00e1cter personal de los usuarios y clientes que puedan ser recabados por la navegaci\u00f3n o contrataci\u00f3n de servicios o adquisici\u00f3n de productos, a trav\u00e9s de su sitio web.<\/p>\n<p>&nbsp;<\/p>\n<p>BREZO SERVICIOS PUBLICITARIOS S.L. es el Responsable del tratamiento de los datos personales del Usuario y le informa que estos datos ser\u00e1n tratados de conformidad con lo dispuesto en las normativas vigentes en materia de protecci\u00f3n de datos personales, el Reglamento (UE) 2016\/679 de 27 de abril de 2016 (GDPR) \u00a0relativo a la protecci\u00f3n de las personas f\u00edsicas en lo que respecta al tratamiento de datos personales y a la libre circulaci\u00f3n de estos datos y la Ley Org\u00e1nica (ES) 15\/1999 de 13 de diciembre (LOPD) relativa a la protecci\u00f3n de datos de car\u00e1cter personal, por lo que se le facilita la siguiente informaci\u00f3n del tratamiento:<\/p>\n<p>&nbsp;<\/p>\n<p><u>Fin del tratamiento<\/u>: gestionar la relaci\u00f3n contractual que nos use, env\u00edo de la informaci\u00f3n que nos solicita, as\u00ed como, mantener una relaci\u00f3n comercial y publicitaria de su inter\u00e9s con el Usuario. Las operaciones previstas para realizar el tratamiento son:<\/p>\n<p>&nbsp;<\/p>\n<ul>\n<li>Remisi\u00f3n de comunicaciones comerciales publicitarias por email, telef\u00f3nicas, mensajer\u00eda instant\u00e1nea, redes sociales o cualquier otro medio electr\u00f3nico o f\u00edsico, presente o futuro, que posibilite realizar comunicaciones comerciales. Estas comunicaciones ser\u00e1n realizadas por BREZO SERVICIOS PUBLICITARIOS S.L y relacionadas con sus productos y servicios, o con los de sus colaboradores o proveedores con los que \u00e9ste haya alcanzado alg\u00fan acuerdo de promoci\u00f3n u oferta. En este caso, los terceros nunca tendr\u00e1n acceso a los datos personales.<\/li>\n<li>Realizar estudios estad\u00edsticos.<\/li>\n<li>Tramitar encargos, solicitudes o cualquier tipo de petici\u00f3n que sea realizada por el usuario a trav\u00e9s de cualquiera de las formas de contacto que se ponen a su disposici\u00f3n.<\/li>\n<li>Remitir el bolet\u00edn de noticias de la p\u00e1gina web.<\/li>\n<\/ul>\n<p>&nbsp;<\/p>\n<p><u>Criterios de conservaci\u00f3n de los datos<\/u>: se conservar\u00e1n mientras exista un inter\u00e9s mutuo para mantener el fin del tratamiento como por ejemplo, prestaci\u00f3n del servicio y productos ofrecidos as\u00ed como para atender a responsabilidades que se pudieran derivar del mismo y de cualquier exigencia legal. Cuando ya no sea necesario, se suprimir\u00e1n con medidas de seguridad adecuadas para garantizar la seudonimizaci\u00f3n de los datos o la destrucci\u00f3n total de los mismos.<\/p>\n<p>&nbsp;<\/p>\n<p><u>Fichero inclusi\u00f3n de datos<\/u>: propiedad exclusiva de BREZO SERVICIOS PUBLICITARIOS S.L.<\/p>\n<p>&nbsp;<\/p>\n<p><u>Comunicaci\u00f3n de los datos<\/u>: No se comunicar\u00e1n los datos a ning\u00fan destinatario salvo por una obligaci\u00f3n legal o consentimiento expreso por escrito.<\/p>\n<p>&nbsp;<\/p>\n<p><u>Derechos que asisten al Usuario<\/u>:<\/p>\n<p>&nbsp;<\/p>\n<ul>\n<li>Derecho a retirar el consentimiento en cualquier momento o limitaci\u00f3n del tratamiento e sus datos.<\/li>\n<li>Derecho de acceso, rectificaci\u00f3n, portabilidad y supresi\u00f3n de sus datos y a la limitaci\u00f3n u oposici\u00f3n a su tratamiento.<\/li>\n<li>Derecho a presentar una reclamaci\u00f3n ante la Autoridad de control si considera que el tratamiento no se ajusta a la normativa vigente.<\/li>\n<\/ul>\n<p>&nbsp;<\/p>\n<p><u>Datos de contacto para ejercer sus derechos<\/u>:<\/p>\n<p>&nbsp;<\/p>\n<p>Direcci\u00f3n postal: BREZO SERVICIOS PUBLICITARIOS S.L., calle Bocinegro, Edf. Los Percebes, C.P.38612, El M\u00e9dano-Granadilla, en Santa Cruz de Tenerife<\/p>\n<p>&nbsp;<\/p>\n<p>Direcci\u00f3n electr\u00f3nico: <a href=\"mailto:comercialbrezo@gmail.com\">comercialbrezo@gmail.com<\/a>.<\/p>\n<p>Tel\u00e9fono contacto: 673.775.947<\/p>\n<p>&nbsp;<\/p>\n<p><strong><u>\u00a0<\/u><\/strong><\/p>\n<p><strong><u>2.- CAR\u00c1CTER OBLIGAGORIO O FACTULTATIVO DE LA INFORMACI\u00d3N FACILITADA POR EL USUARIO<\/u><\/strong>:<\/p>\n<p>&nbsp;<\/p>\n<p>Los Usuarios, mediante la marcaci\u00f3n de las casillas correspondientes y entrada de datos en los campos, marcados con un asterisco (*) en el formulario de contacto o en su caso, presentados en formularios de descarga, aceptan expresamente y de forma libre e inequ\u00edvoca, que sus datos son necesarias para atender su petici\u00f3n, por parte del prestador, siendo voluntaria la inclusi\u00f3n de datos en los campos restantes.<\/p>\n<p>&nbsp;<\/p>\n<p>El Usuario garantiza que los datos personales facilitados al prestador son veraces y se hace responsable de comunicar cualquier modificaci\u00f3n de los mismos.<\/p>\n<p>&nbsp;<\/p>\n<p>El prestador informa y garantiza expresamente a los usuarios que sus datos personales no ser\u00e1n cedidos en ning\u00fan caso a terceros, y que siempre que realizara alg\u00fan tipo de cesi\u00f3n de datos personales, se pedir\u00e1 previamente el consentimiento expreso, informado e inequ\u00edvoco por parte de los Usuarios.<\/p>\n<p>&nbsp;<\/p>\n<p>Todos los datos solicitados a trav\u00e9s del sitio web y marcados con (*) son obligatorios ya que son necesarios para la prestaci\u00f3n de un servicio \u00f3ptimo al Usuario. El resto de campos, aunque introducirlos resulte facultativo, pueden ser necesarios para disponer de toda la informaci\u00f3n necesaria para contestar adecuadamente a su consulta. En caso de que no sean facilitados todos los datos, no se garantiza que la informaci\u00f3n y servicios que el prestador le facilite, sean completamente ajustados a sus necesidades.<\/p>\n<p>&nbsp;<\/p>\n<p><strong><u>3.- MEDIDAS DE SEGURIDAD<\/u><\/strong>:<\/p>\n<p>&nbsp;<\/p>\n<p>Que de conformidad con lo dispuesto en las normativas vigentes en materia de protecci\u00f3n de datos personales, el prestador est\u00e1 cumpliendo con todas las disposiciones de las normativas GDPR y LOPD para el tratamiento de los datos personales de su responsabilidad, y manifiestamente con los principios descritos en el art\u00edculo 5 del GDPR y en el art\u00edculo 4 de la LOPD, por los cuales son tratados de manera l\u00edcita, leal y transparente en relaci\u00f3n con el interesado y adecuados, pertinentes y limitados a lo necesario en relaci\u00f3n con los fines para los que son tratados.<\/p>\n<p>&nbsp;<\/p>\n<p>El prestador garantiza que ha implementado pol\u00edticas t\u00e9cnicas y organizativas apropiadas para aplicar las medidas de seguridad que establecen el GDPR y la LOPD con el fin de proteger los derechos y libertades de los Usuarios y les ha comunicado la informaci\u00f3n adecuada para que puedan ejercerlos.<\/p>\n<p>[\/vc_column_text][\/vc_column][\/vc_row]<\/p>\n<\/section>","protected":false},"excerpt":{"rendered":"<p>[vc_row css_animation=\u00bb\u00bb row_type=\u00bbrow\u00bb use_row_as_full_screen_section=\u00bbno\u00bb type=\u00bbfull_width\u00bb angled_section=\u00bbno\u00bb text_align=\u00bbleft\u00bb background_image_as_pattern=\u00bbwithout_pattern\u00bb css=\u00bb.vc_custom_1561118464746{padding-top: 40px !important;padding-bottom: 40px !important;}\u00bb z_index=\u00bb\u00bb][vc_column][vc_column_text] Pol\u00edtica de Privacidad 1.- INFORMACI\u00d3N AL USUARIO: \u00a0 BREZO SERVICIOS PUBLICITARIOS S.L informa a los usuarios del sitio web sobre su pol\u00edtica respecto del tratamiento y protecci\u00f3n de los datos de&#8230;<\/p>\n","protected":false},"author":1,"featured_media":0,"parent":0,"menu_order":0,"comment_status":"closed","ping_status":"open","template":"","meta":{"footnotes":""},"class_list":["post-576","page","type-page","status-publish","hentry"],"_links":{"self":[{"href":"https:\/\/brezopublicidad.com\/index.php\/wp-json\/wp\/v2\/pages\/576","targetHints":{"allow":["GET"]}}],"collection":[{"href":"https:\/\/brezopublicidad.com\/index.php\/wp-json\/wp\/v2\/pages"}],"about":[{"href":"https:\/\/brezopublicidad.com\/index.php\/wp-json\/wp\/v2\/types\/page"}],"author":[{"embeddable":true,"href":"https:\/\/brezopublicidad.com\/index.php\/wp-json\/wp\/v2\/users\/1"}],"replies":[{"embeddable":true,"href":"https:\/\/brezopublicidad.com\/index.php\/wp-json\/wp\/v2\/comments?post=576"}],"version-history":[{"count":1,"href":"https:\/\/brezopublicidad.com\/index.php\/wp-json\/wp\/v2\/pages\/576\/revisions"}],"predecessor-version":[{"id":577,"href":"https:\/\/brezopublicidad.com\/index.php\/wp-json\/wp\/v2\/pages\/576\/revisions\/577"}],"wp:attachment":[{"href":"https:\/\/brezopublicidad.com\/index.php\/wp-json\/wp\/v2\/media?parent=576"}],"curies":[{"name":"wp","href":"https:\/\/api.w.org\/{rel}","templated":true}]}}