{"id":574,"date":"2019-07-17T19:42:35","date_gmt":"2019-07-17T17:42:35","guid":{"rendered":"http:\/\/brezopublicidad.com\/?page_id=574"},"modified":"2019-07-17T20:10:59","modified_gmt":"2019-07-17T18:10:59","slug":"aviso-legal","status":"publish","type":"page","link":"https:\/\/brezopublicidad.com\/index.php\/aviso-legal\/","title":{"rendered":"Aviso Legal"},"content":{"rendered":"<section class=\"wpb-content-wrapper\"><p>[vc_row css_animation=\u00bb\u00bb row_type=\u00bbrow\u00bb use_row_as_full_screen_section=\u00bbno\u00bb type=\u00bbfull_width\u00bb angled_section=\u00bbno\u00bb text_align=\u00bbleft\u00bb background_image_as_pattern=\u00bbwithout_pattern\u00bb css=\u00bb.vc_custom_1561118464746{padding-top: 40px !important;padding-bottom: 40px !important;}\u00bb z_index=\u00bb\u00bb][vc_column][vc_column_text]<\/p>\n<h1 style=\"text-align: center;\">Aviso Legal<\/h1>\n<p><strong>1.- <u>OBJETO:<\/u><\/strong><\/p>\n<p>BREZO SERVICIOS PUBLICITARIOS S.L., con C.I.F. B76784685 y domicilio en calle Bocinegro, Edf. Los Percebes, C.P.38612, El M\u00e9dano-Granadilla, en Santa Cruz de Tenerife, Islas Canarias, Espa\u00f1a. es responsable del sitio web, pone a disposici\u00f3n de los usuarios el presente documento con el que pretende dar cumplimiento a las obligaciones dispuestas en la Ley 34\/2002, de Servicios de la Sociedad de la Informaci\u00f3n y del Comercio Electr\u00f3nico (LSSI-CE), as\u00ed como informar a todos los usuarios del sitio web respecto a cu\u00e1les son las condiciones de uso del sitio web.<\/p>\n<p>BREZO SERVICIOS PUBLICITARIOS S.L., posee en propiedad el dominio <a href=\"http:\/\/www.brezopublicidad.com\">www.brezopublicidad.com<\/a>.<\/p>\n<p>Toda persona que acceda a este sitio web asume el papel de usuario, comprometi\u00e9ndose a la observancia y cumplimiento riguroso de las disposiciones aqu\u00ed dispuestas, as\u00ed como a cuales quiera otra disposici\u00f3n legal que fuera de aplicaci\u00f3n.<\/p>\n<p>BREZO SERVICIOS PUBLICITARIOS S.L.\u00a0se reserva el derecho a modificar cualquier tipo de informaci\u00f3n que pudiera aparecer en el sitio web, sin que exista obligaci\u00f3n de preavisar o poner en conocimiento de los usuarios dichas obligaciones, entendi\u00e9ndose como suficiente con la publicaci\u00f3n en el sitio web de BREZO SERVICIOS PUBLICITARIOS S.L.<\/p>\n<p>Por la utilizaci\u00f3n de la web, el usuario expresa la plena aceptaci\u00f3n de lo comunicado en este aviso legal.<\/p>\n<p><strong><u>2.- PRECIO DEL SERVICIO: <\/u><\/strong><\/p>\n<p>El servicio de informaci\u00f3n ofrecido a trav\u00e9s de la web por BREZO SERVICIOS PUBLICITARIOS S.L. tiene car\u00e1cter gratuito. No as\u00ed, los servicios o productos ofrecidos a trav\u00e9s de la web, cuyo precio ser\u00e1 el que BREZO SERVICIOS PUBLICITARIOS S.L. oferte en casa momento previa valoraci\u00f3n del presupuesto solicitado a trav\u00e9s del formulario de contacto u otros medios ofrecidos como v\u00eda e-mail a <a href=\"mailto:comercialbrezo@gmail.com\">comercialbrezo@gmail.com<\/a> o v\u00eda telef\u00f3nica al n\u00famero de contacto (+34) 673 775 947.<\/p>\n<p><strong><u>3.- EXCLUSI\u00d3N DE RESPONSABILIDAD:<\/u><\/strong><\/p>\n<p>BREZO SERVICIOS PUBLICITARIOS S.L., se exime de cualquier tipo de responsabilidad derivada de la informaci\u00f3n publicada en su sitio web, siempre que esta informaci\u00f3n haya sido manipulada o introducida por un tercero ajeno al mismo.<\/p>\n<p>El sitio web de BREZO SERVICIOS PUBLICITARIOS S.L. puede utilizar cookies (peque\u00f1os archivos de informaci\u00f3n que el servidor env\u00eda al ordenador de quien accede a la p\u00e1gina) para llevar a cabo determinadas funciones que son consideradas imprescindibles para el correcto funcionamiento y visualizaci\u00f3n del sitio. Las cookies utilizadas en el sitio web tienen, en todo caso, car\u00e1cter temporal con la \u00fanica finalidad de hacer m\u00e1s eficaz su transmisi\u00f3n ulterior y desaparecen al terminar la sesi\u00f3n del usuario. En ning\u00fan caso se utilizar\u00e1n las cookies para recoger informaci\u00f3n de car\u00e1cter personal.<\/p>\n<p>Desde el sitio web\u00a0 es posible que se redirija a contenidos de terceros sitios web. Dado que\u00a0BREZO SERVICIOS PUBLICITARIOS S.L., \u00a0no puede controlar siempre los contenidos introducidos por los terceros en sus sitios web, \u00e9ste no asume ning\u00fan tipo de responsabilidad respecto a dichos contenidos. En todo caso, BREZO SERVICIOS PUBLICITARIOS S.L., manifiesta que proceder\u00e1 a la retirada inmediata de cualquier contenido que pudiera contravenir la legislaci\u00f3n nacional o internacional, la moral o el orden p\u00fablico, procediendo a la retirada inmediata de la redirecci\u00f3n a dicho sitio web, poniendo en conocimiento de las autoridades competentes el contenido en cuesti\u00f3n.<\/p>\n<p>El prestador no se hace responsable de la informaci\u00f3n y contenidos almacenados, a t\u00edtulo enunciativo pero no limitativo, en foros, chat\u00b4s, generadores de blogs, comentarios, redes sociales o cualesquiera otro medio que permita a terceros publicar contenidos de forma independiente en la p\u00e1gina web de BREZO SERVICIOS PUBLICITARIOS S.L. No obstante y en cumplimiento de lo dispuesto en el art. 11 y 16 de la LSSI-CE, el prestador se pone a disposici\u00f3n de todos los usuarios, autoridades y fuerzas de seguridad, y colaborando de forma activa en la retirada o en su caso bloqueo de todos aquellos contenidos que pudieran afectar o contravenir la legislaci\u00f3n nacional, o internacional, derechos de terceros o la moral y el orden p\u00fablico. En caso de que el usuario considere que existe en el sitio web alg\u00fan contenido que pudiera ser susceptible de esta clasificaci\u00f3n, se ruega lo notifique de forma inmediata al administrador del sitio web.<\/p>\n<p>Este sitio web ha sido revisado y probado para que funcione correctamente. En principio, puede garantizarse el correcto funcionamiento los 365 d\u00edas del a\u00f1o, 24 horas al d\u00eda. No obstante, BREZO SERVICIOS PUBLICITARIOS S.L., no descarta la posibilidad de que existan ciertos errores de programaci\u00f3n, o que acontezcan causas de fuerza mayor, cat\u00e1strofes naturales, huelgas, o circunstancias semejantes que hagan imposible el acceso a la p\u00e1gina web. Si fuera posible, se avisar\u00e1 previamente de las interrupciones en el funcionamiento de los mismos. BREZO SERVICIOS PUBLICITARIOS S.L., en estos casos, no es responsable por los da\u00f1os y perjuicios de cualquier naturaleza que puedan deberse a la falta de disponibilidad o de continuidad de la web o de cualquiera de sus servicios, o por fallos en el acceso a las distintas p\u00e1ginas web.<\/p>\n<p>BREZO SERVICIOS PUBLICITARIOS S.L., no tiene obligaci\u00f3n y no controla la utilizaci\u00f3n que de la web y sus servicios hacen los usuarios y, por ello, no garantiza que el uso por parte de los mismos se realice conforme a la ley y conforme a lo mencionado en este aviso y a cualquier otra condici\u00f3n particular que establezca. Por tanto, BREZO SERVICIOS PUBLICITARIOS S.L., no es responsable de los da\u00f1os o perjuicios de cualquier naturaleza que pudieran deberse a la incorrecta, inapropiada o inadecuada utilizaci\u00f3n que los usuarios realicen de la web o sus servicios.<\/p>\n<p>Los contenidos de todo tipo incluidos en las p\u00e1ginas de la web son facilitados de buena fe por BREZO SERVICIOS PUBLICITARIOS S.L. En raz\u00f3n de esta circunstancia y de la gran cantidad de informaci\u00f3n accesible, no se garantiza la total exactitud o actualizaci\u00f3n de los datos o textos disponibles a pesar de que emplea sus mejores esfuerzos para que as\u00ed sea. Por tanto, no se garantiza la utilidad de la web o de sus servicios para ninguna actividad en particular o la idoneidad de los contenidos incluidos en las p\u00e1ginas web para fines particulares, por lo que tanto el acceso a las p\u00e1ginas, como el uso de la informaci\u00f3n, contenidos y servicios se realiza bajo la \u00fanica y exclusiva responsabilidad del usuario.<\/p>\n<p>BREZO SERVICIOS PUBLICITARIOS S.L., no es responsable en ning\u00fan caso, por ning\u00fan contenido, informaci\u00f3n, comunicaci\u00f3n, opini\u00f3n o manifestaci\u00f3n de cualquier tipo que tenga su origen en el usuario o cualquier tercera persona o entidad y que se comunique, difunda, transmita o exhiba a trav\u00e9s de los servicios de la web.<\/p>\n<p>BREZO SERVICIOS PUBLICITARIOS S.L., pone a disposici\u00f3n de los usuarios dispositivos t\u00e9cnicos de enlaces, ya sean links, directorios o herramientas de b\u00fasqueda, los cuales permiten el acceso a p\u00e1ginas web que son gestionados por terceros. BREZO SERVICIOS PUBLICITARIOS S.L., no ejerce ninguna titularidad sobre los mismos, y no comercializa ni ofrece los contenidos y servicios que contienen, por lo tanto no asume ninguna responsabilidad ni directa ni subsidiaria sobre dichas p\u00e1ginas web.<\/p>\n<p>El usuario se compromete a utilizar la web y los servicios de acuerdo con la ley y el presente aviso legal, as\u00ed como la moral, las buenas costumbres y el orden p\u00fablico. Por todo ello, se abstendr\u00e1 de utilizar la web o sus servicios con fines il\u00edcitos, contrarios a las presentes indicaciones del aviso lega. Asimismo, y salvo que haya obtenido previa y expresa autorizaci\u00f3n espec\u00edficamente otorgada al efecto por parte de BREZO SERVICIOS PUBLICITARIOS S.L., el usuario se abstendr\u00e1 de obtener o intentar obtener cualquier tipo de contenidos, ya sean textos, gr\u00e1ficos, dibujos, archivos de sonido, im\u00e1genes o fotograf\u00edas, v\u00eddeos, software y en general cualquier clase de material accesible a trav\u00e9s de la web o los servicios, empleando para ello medios distintos de los que se hayan puesto a su disposici\u00f3n a este efecto o de los que se empleen habitualmente a este efecto en Internet.<\/p>\n<ol start=\"4\">\n<li><strong><u> PROTECCI\u00d3N DE DATOS PERSONALES:<\/u><\/strong><\/li>\n<\/ol>\n<p>BREZO SERVICIOS PUBLICITARIOS S.L., \u00a0se encuentra profundamente comprometido con el cumplimiento de la normativa espa\u00f1ola de protecci\u00f3n de datos de car\u00e1cter personal, y garantiza el cumplimiento \u00edntegro de las obligaciones dispuestas, as\u00ed como la implementaci\u00f3n de las medidas de seguridad exigidas legalmente.<\/p>\n<p>El prestador pone a disposici\u00f3n de los usuarios la\u00a0Pol\u00edtica de Privacidad de la entidad\u00a0 informando a los usuarios respecto a los siguientes aspectos:<\/p>\n<p>\u2013\u00a0\u00a0\u00a0\u00a0\u00a0\u00a0 Datos del Responsable del tratamiento.<\/p>\n<p>\u2013\u00a0\u00a0\u00a0\u00a0\u00a0\u00a0 Datos tratados.<\/p>\n<p>\u2013\u00a0\u00a0\u00a0\u00a0\u00a0\u00a0 Fichero en el que se almacenan.<\/p>\n<p>\u2013\u00a0\u00a0\u00a0\u00a0\u00a0\u00a0 Finalidad del tratamiento.<\/p>\n<p>\u2013\u00a0\u00a0\u00a0\u00a0\u00a0\u00a0 Obligatoriedad o no de facilitarlos, as\u00ed como las consecuencias en caso de no facilitarlos.<\/p>\n<p>\u2013\u00a0\u00a0\u00a0\u00a0\u00a0\u00a0 Sobre los derechos que asisten a todo usuario y el procedimiento para ejercitarlos.<\/p>\n<p>Esta p\u00e1gina web no reconoce de modo autom\u00e1tico ning\u00fan dato referente a la identidad de los visitantes de sus p\u00e1ginas. Todos los datos son tratados con absoluta confidencialidad, siendo utilizados para las finalidades para las que han sido solicitados, en el marco de la Ley Org\u00e1nica de Protecci\u00f3n de Datos de Car\u00e1cter Personal y dem\u00e1s normas jur\u00eddicas concordantes.<\/p>\n<p>Para ejercitar sus derechos sobre los datos, se ofrece la posibilidad de que ejercite su derecho por el medio de comunicaci\u00f3n e-mail a <a href=\"mailto:comercialbrezo@gmail.com\">comercialbrezo@gmail.com<\/a>, junto con prueba v\u00e1lida en derecho como su DNI y asunto A.R.C.O.<\/p>\n<ol start=\"5\">\n<li><strong><u> PROPIEDAD INTELECTUAL E INDUSTRIAL<\/u><\/strong><strong>:<\/strong><\/li>\n<\/ol>\n<p>El sitio web, incluyendo a t\u00edtulo enunciativo pero no limitativo su programaci\u00f3n, edici\u00f3n, compilaci\u00f3n y dem\u00e1s elementos necesarios para su funcionamiento, los dise\u00f1os, logotipos, texto y\/o gr\u00e1ficos son propiedad del prestador o en su caso dispone de licencia o autorizaci\u00f3n expresa por parte de los autores. Todos los contenidos del sitio web se encuentran debidamente protegidos por la normativa de propiedad intelectual e industrial, as\u00ed como inscritos en los registros p\u00fablicos correspondientes.<\/p>\n<p>Independientemente de la finalidad para la que fueran destinados, la reproducci\u00f3n total o parcial, uso, explotaci\u00f3n, distribuci\u00f3n y comercializaci\u00f3n, requiere en todo caso de la autorizaci\u00f3n escrita previa por parte del prestador. Cualquier uso no autorizado previamente por parte del prestador ser\u00e1 considerado un incumplimiento grave de los derechos de propiedad intelectual o industrial del autor.<\/p>\n<p>Los dise\u00f1os, logotipos, texto y\/o gr\u00e1ficos ajenos al prestador y que pudieran aparecer en el sitio web, pertenecen a sus respectivos propietarios, siendo ellos mismos responsables de cualquier posible controversia que pudiera suscitarse respecto a los mismos. En todo caso, el prestador cuenta con la autorizaci\u00f3n expresa y previa por parte de los mismos.<\/p>\n<p>BREZO SERVICIOS PUBLICITARIOS S.L, \u00a0autoriza\u00a0 expresamente a que terceros puedan redirigir directamente a los contenidos concretos del sitio web, debiendo en todo caso redirigir al sitio web principal de\u00a0BREZO SERVICIOS PUBLICITARIOS S.L.<\/p>\n<p>BREZO SERVICIOS PUBLICITARIOS S.L, \u00a0reconoce a favor de sus titulares los correspondientes derechos de propiedad industrial e intelectual, no implicando su sola menci\u00f3n o aparici\u00f3n en el sitio web la existencia de derechos o responsabilidad alguna de\u00a0BREZO SERVICIOS PUBLICITARIOS S.L.\u00a0sobre los mismos, como tampoco respaldo, patrocinio o recomendaci\u00f3n por parte del mismo.<\/p>\n<p>Para realizar cualquier tipo de observaci\u00f3n respecto a posibles incumplimientos de los derechos de propiedad intelectual o industrial, as\u00ed como sobre cualquiera de los contenidos del sitio web, puede hacerlo a trav\u00e9s del siguiente correo electr\u00f3nico:\u00a0 comercialbrezo@gmail.com<\/p>\n<ol start=\"6\">\n<li><strong><u> LEY APLICABLE Y JURISDICCI\u00d3N:<\/u><\/strong><\/li>\n<\/ol>\n<p>Para la resoluci\u00f3n de todas las controversias o cuestiones relacionadas con el presente sitio web o de las actividades en \u00e9l desarrolladas, ser\u00e1 de aplicaci\u00f3n la legislaci\u00f3n espa\u00f1ola, a la que se someten expresamente las partes, siendo competentes para la resoluci\u00f3n de todos los conflictos derivados o relacionados con su uso los Juzgados y Tribunales que correspondan.[\/vc_column_text][\/vc_column][\/vc_row]<\/p>\n<\/section>","protected":false},"excerpt":{"rendered":"<p>[vc_row css_animation=\u00bb\u00bb row_type=\u00bbrow\u00bb use_row_as_full_screen_section=\u00bbno\u00bb type=\u00bbfull_width\u00bb angled_section=\u00bbno\u00bb text_align=\u00bbleft\u00bb background_image_as_pattern=\u00bbwithout_pattern\u00bb css=\u00bb.vc_custom_1561118464746{padding-top: 40px !important;padding-bottom: 40px !important;}\u00bb z_index=\u00bb\u00bb][vc_column][vc_column_text] Aviso Legal 1.- OBJETO: BREZO SERVICIOS PUBLICITARIOS S.L., con C.I.F. B76784685 y domicilio en calle Bocinegro, Edf. Los Percebes, C.P.38612, El M\u00e9dano-Granadilla, en Santa Cruz de Tenerife, Islas Canarias, Espa\u00f1a. es&#8230;<\/p>\n","protected":false},"author":1,"featured_media":0,"parent":0,"menu_order":0,"comment_status":"closed","ping_status":"open","template":"","meta":{"footnotes":""},"class_list":["post-574","page","type-page","status-publish","hentry"],"_links":{"self":[{"href":"https:\/\/brezopublicidad.com\/index.php\/wp-json\/wp\/v2\/pages\/574","targetHints":{"allow":["GET"]}}],"collection":[{"href":"https:\/\/brezopublicidad.com\/index.php\/wp-json\/wp\/v2\/pages"}],"about":[{"href":"https:\/\/brezopublicidad.com\/index.php\/wp-json\/wp\/v2\/types\/page"}],"author":[{"embeddable":true,"href":"https:\/\/brezopublicidad.com\/index.php\/wp-json\/wp\/v2\/users\/1"}],"replies":[{"embeddable":true,"href":"https:\/\/brezopublicidad.com\/index.php\/wp-json\/wp\/v2\/comments?post=574"}],"version-history":[{"count":1,"href":"https:\/\/brezopublicidad.com\/index.php\/wp-json\/wp\/v2\/pages\/574\/revisions"}],"predecessor-version":[{"id":575,"href":"https:\/\/brezopublicidad.com\/index.php\/wp-json\/wp\/v2\/pages\/574\/revisions\/575"}],"wp:attachment":[{"href":"https:\/\/brezopublicidad.com\/index.php\/wp-json\/wp\/v2\/media?parent=574"}],"curies":[{"name":"wp","href":"https:\/\/api.w.org\/{rel}","templated":true}]}}