{"id":394,"date":"2019-06-21T13:29:12","date_gmt":"2019-06-21T11:29:12","guid":{"rendered":"http:\/\/localhost\/Brezo\/?page_id=394"},"modified":"2019-07-28T15:36:04","modified_gmt":"2019-07-28T13:36:04","slug":"rotulacion-vehiculos","status":"publish","type":"page","link":"https:\/\/brezopublicidad.com\/index.php\/rotulacion-vehiculos\/","title":{"rendered":"ROTULACI\u00d3N VEH\u00cdCULOS"},"content":{"rendered":"<section class=\"wpb-content-wrapper\"><p>[vc_row css_animation=\u00bb\u00bb row_type=\u00bbrow\u00bb use_row_as_full_screen_section=\u00bbno\u00bb type=\u00bbfull_width\u00bb angled_section=\u00bbno\u00bb text_align=\u00bbleft\u00bb background_image_as_pattern=\u00bbwithout_pattern\u00bb][vc_column][vc_column_text css=\u00bb.vc_custom_1562587462453{padding-top: 10px !important;padding-bottom: 10px !important;}\u00bb]<\/p>\n<h1 style=\"color: #016644; text-align: center;\">ROTULACI\u00d3N VEH\u00cdCULOS<\/h1>\n<p>[\/vc_column_text][vc_column_text el_class=\u00bb.textabout\u00bb]<\/p>\n<p class=\"textabout\">Dise\u00f1os cuidados para tu flota de veh\u00edculos, dise\u00f1amos para tu empresa la l\u00ednea de rotulaci\u00f3n de toda tu marca, para que la imagen de tu empresa est\u00e9 cuidada hasta el m\u00e1s m\u00ednimo detalle, los veh\u00edculos de empresa sirve para dar visibilidad a tu marca, y es tambi\u00e9n un medio publicitario que hay que tener en cuenta porque a veces es la mejor forma de llegar a nuestros potenciales clientes.<\/p>\n<p>[\/vc_column_text][\/vc_column][\/vc_row][vc_row css_animation=\u00bb\u00bb row_type=\u00bbrow\u00bb use_row_as_full_screen_section=\u00bbno\u00bb type=\u00bbgrid\u00bb angled_section=\u00bbno\u00bb text_align=\u00bbleft\u00bb background_image_as_pattern=\u00bbwithout_pattern\u00bb z_index=\u00bb\u00bb css=\u00bb.vc_custom_1561108303909{padding-top: 40px !important;padding-bottom: 40px !important;}\u00bb][vc_column width=\u00bb1\/2&#8243;][vc_single_image image=\u00bb396&#8243; img_size=\u00bbfull\u00bb alignment=\u00bbcenter\u00bb qode_css_animation=\u00bb\u00bb][\/vc_column][vc_column width=\u00bb1\/2&#8243;][vc_single_image image=\u00bb598&#8243; img_size=\u00bbfull\u00bb qode_css_animation=\u00bb\u00bb][\/vc_column][\/vc_row]<\/p>\n<\/section>","protected":false},"excerpt":{"rendered":"<p>[vc_row css_animation=\u00bb\u00bb row_type=\u00bbrow\u00bb use_row_as_full_screen_section=\u00bbno\u00bb type=\u00bbfull_width\u00bb angled_section=\u00bbno\u00bb text_align=\u00bbleft\u00bb background_image_as_pattern=\u00bbwithout_pattern\u00bb][vc_column][vc_column_text css=\u00bb.vc_custom_1562587462453{padding-top: 10px !important;padding-bottom: 10px !important;}\u00bb] ROTULACI\u00d3N VEH\u00cdCULOS [\/vc_column_text][vc_column_text el_class=\u00bb.textabout\u00bb] Dise\u00f1os cuidados para tu flota de veh\u00edculos, dise\u00f1amos para tu empresa la l\u00ednea de rotulaci\u00f3n de toda tu marca, para que la imagen de tu empresa est\u00e9 cuidada&#8230;<\/p>\n","protected":false},"author":1,"featured_media":0,"parent":0,"menu_order":0,"comment_status":"closed","ping_status":"closed","template":"","meta":{"footnotes":""},"class_list":["post-394","page","type-page","status-publish","hentry"],"_links":{"self":[{"href":"https:\/\/brezopublicidad.com\/index.php\/wp-json\/wp\/v2\/pages\/394","targetHints":{"allow":["GET"]}}],"collection":[{"href":"https:\/\/brezopublicidad.com\/index.php\/wp-json\/wp\/v2\/pages"}],"about":[{"href":"https:\/\/brezopublicidad.com\/index.php\/wp-json\/wp\/v2\/types\/page"}],"author":[{"embeddable":true,"href":"https:\/\/brezopublicidad.com\/index.php\/wp-json\/wp\/v2\/users\/1"}],"replies":[{"embeddable":true,"href":"https:\/\/brezopublicidad.com\/index.php\/wp-json\/wp\/v2\/comments?post=394"}],"version-history":[{"count":7,"href":"https:\/\/brezopublicidad.com\/index.php\/wp-json\/wp\/v2\/pages\/394\/revisions"}],"predecessor-version":[{"id":600,"href":"https:\/\/brezopublicidad.com\/index.php\/wp-json\/wp\/v2\/pages\/394\/revisions\/600"}],"wp:attachment":[{"href":"https:\/\/brezopublicidad.com\/index.php\/wp-json\/wp\/v2\/media?parent=394"}],"curies":[{"name":"wp","href":"https:\/\/api.w.org\/{rel}","templated":true}]}}