{"id":373,"date":"2019-06-21T12:24:57","date_gmt":"2019-06-21T10:24:57","guid":{"rendered":"http:\/\/localhost\/Brezo\/?page_id=373"},"modified":"2019-07-28T16:00:14","modified_gmt":"2019-07-28T14:00:14","slug":"serigrafia-y-textil","status":"publish","type":"page","link":"https:\/\/brezopublicidad.com\/index.php\/serigrafia-y-textil\/","title":{"rendered":"SERIGRAF\u00cdA Y TEXTIL"},"content":{"rendered":"<section class=\"wpb-content-wrapper\"><p>[vc_row css_animation=\u00bb\u00bb row_type=\u00bbrow\u00bb use_row_as_full_screen_section=\u00bbno\u00bb type=\u00bbfull_width\u00bb angled_section=\u00bbno\u00bb text_align=\u00bbleft\u00bb background_image_as_pattern=\u00bbwithout_pattern\u00bb][vc_column][vc_column_text css=\u00bb.vc_custom_1562587226538{padding-top: 10px !important;padding-bottom: 30px !important;}\u00bb]<\/p>\n<h1 style=\"text-align: center; color: #016644;\">SERIGRAF\u00cdA Y TEXTIL<\/h1>\n<p>[\/vc_column_text][\/vc_column][\/vc_row][vc_row css_animation=\u00bb\u00bb row_type=\u00bbrow\u00bb use_row_as_full_screen_section=\u00bbno\u00bb type=\u00bbfull_width\u00bb angled_section=\u00bbno\u00bb text_align=\u00bbleft\u00bb background_image_as_pattern=\u00bbwithout_pattern\u00bb][vc_column width=\u00bb1\/2&#8243;][vc_single_image image=\u00bb381&#8243; img_size=\u00bbmedium\u00bb alignment=\u00bbcenter\u00bb qode_css_animation=\u00bb\u00bb][\/vc_column][vc_column width=\u00bb1\/2&#8243;][vc_column_text el_class=\u00bb.textabout\u00bb]<\/p>\n<p class=\"textabout\">Porque hay que cuidar todos los detalles, desde uniformes hasta los art\u00edculos publicitarios peque\u00f1os, siempre ofreciendo grandes calidades en art\u00edculos respetuosos con el medio ambiente.<\/p>\n<p class=\"textabout\">La serigraf\u00eda textil tiene tantas posibilidades publicitarias y de promoci\u00f3n que en cualquiera de tus campa\u00f1as publicitarias puede ser la soluci\u00f3n que est\u00e1s buscando.<\/p>\n<p>[\/vc_column_text][\/vc_column][\/vc_row][vc_row css_animation=\u00bb\u00bb row_type=\u00bbrow\u00bb use_row_as_full_screen_section=\u00bbno\u00bb type=\u00bbgrid\u00bb angled_section=\u00bbno\u00bb text_align=\u00bbleft\u00bb background_image_as_pattern=\u00bbwithout_pattern\u00bb z_index=\u00bb\u00bb css=\u00bb.vc_custom_1561108303909{padding-top: 40px !important;padding-bottom: 40px !important;}\u00bb][vc_column width=\u00bb1\/3&#8243;][vc_single_image image=\u00bb376&#8243; img_size=\u00bb800&#215;800&#8243; alignment=\u00bbcenter\u00bb qode_css_animation=\u00bb\u00bb css=\u00bb.vc_custom_1562589007704{padding-bottom: 10px !important;}\u00bb][vc_single_image image=\u00bb380&#8243; img_size=\u00bb800&#215;800&#8243; alignment=\u00bbcenter\u00bb qode_css_animation=\u00bb\u00bb css=\u00bb.vc_custom_1562589028625{padding-bottom: 10px !important;}\u00bb][\/vc_column][vc_column width=\u00bb1\/3&#8243;][vc_single_image image=\u00bb377&#8243; img_size=\u00bb800&#215;800&#8243; qode_css_animation=\u00bb\u00bb css=\u00bb.vc_custom_1562589014589{padding-bottom: 10px !important;}\u00bb][vc_single_image image=\u00bb378&#8243; img_size=\u00bb800&#215;800&#8243; alignment=\u00bbcenter\u00bb qode_css_animation=\u00bb\u00bb css=\u00bb.vc_custom_1562589035384{padding-bottom: 10px !important;}\u00bb][\/vc_column][vc_column width=\u00bb1\/3&#8243;][vc_single_image image=\u00bb379&#8243; img_size=\u00bb800&#215;800&#8243; qode_css_animation=\u00bb\u00bb css=\u00bb.vc_custom_1562589021034{padding-bottom: 10px !important;}\u00bb][vc_single_image image=\u00bb551&#8243; img_size=\u00bbfull\u00bb qode_css_animation=\u00bb\u00bb][\/vc_column][\/vc_row]<\/p>\n<\/section>","protected":false},"excerpt":{"rendered":"<p>[vc_row css_animation=\u00bb\u00bb row_type=\u00bbrow\u00bb use_row_as_full_screen_section=\u00bbno\u00bb type=\u00bbfull_width\u00bb angled_section=\u00bbno\u00bb text_align=\u00bbleft\u00bb background_image_as_pattern=\u00bbwithout_pattern\u00bb][vc_column][vc_column_text css=\u00bb.vc_custom_1562587226538{padding-top: 10px !important;padding-bottom: 30px !important;}\u00bb] SERIGRAF\u00cdA Y TEXTIL [\/vc_column_text][\/vc_column][\/vc_row][vc_row css_animation=\u00bb\u00bb row_type=\u00bbrow\u00bb use_row_as_full_screen_section=\u00bbno\u00bb type=\u00bbfull_width\u00bb angled_section=\u00bbno\u00bb text_align=\u00bbleft\u00bb background_image_as_pattern=\u00bbwithout_pattern\u00bb][vc_column width=\u00bb1\/2&#8243;][vc_single_image image=\u00bb381&#8243; img_size=\u00bbmedium\u00bb alignment=\u00bbcenter\u00bb qode_css_animation=\u00bb\u00bb][\/vc_column][vc_column width=\u00bb1\/2&#8243;][vc_column_text el_class=\u00bb.textabout\u00bb] Porque hay que cuidar todos los detalles, desde uniformes hasta los art\u00edculos publicitarios peque\u00f1os,&#8230;<\/p>\n","protected":false},"author":1,"featured_media":0,"parent":0,"menu_order":0,"comment_status":"closed","ping_status":"closed","template":"","meta":{"footnotes":""},"class_list":["post-373","page","type-page","status-publish","hentry"],"_links":{"self":[{"href":"https:\/\/brezopublicidad.com\/index.php\/wp-json\/wp\/v2\/pages\/373","targetHints":{"allow":["GET"]}}],"collection":[{"href":"https:\/\/brezopublicidad.com\/index.php\/wp-json\/wp\/v2\/pages"}],"about":[{"href":"https:\/\/brezopublicidad.com\/index.php\/wp-json\/wp\/v2\/types\/page"}],"author":[{"embeddable":true,"href":"https:\/\/brezopublicidad.com\/index.php\/wp-json\/wp\/v2\/users\/1"}],"replies":[{"embeddable":true,"href":"https:\/\/brezopublicidad.com\/index.php\/wp-json\/wp\/v2\/comments?post=373"}],"version-history":[{"count":9,"href":"https:\/\/brezopublicidad.com\/index.php\/wp-json\/wp\/v2\/pages\/373\/revisions"}],"predecessor-version":[{"id":614,"href":"https:\/\/brezopublicidad.com\/index.php\/wp-json\/wp\/v2\/pages\/373\/revisions\/614"}],"wp:attachment":[{"href":"https:\/\/brezopublicidad.com\/index.php\/wp-json\/wp\/v2\/media?parent=373"}],"curies":[{"name":"wp","href":"https:\/\/api.w.org\/{rel}","templated":true}]}}