{"id":354,"date":"2019-06-21T11:49:05","date_gmt":"2019-06-21T09:49:05","guid":{"rendered":"http:\/\/localhost\/Brezo\/?page_id=354"},"modified":"2019-07-14T16:41:28","modified_gmt":"2019-07-14T14:41:28","slug":"merchandising-y-personalizados","status":"publish","type":"page","link":"https:\/\/brezopublicidad.com\/index.php\/merchandising-y-personalizados\/","title":{"rendered":"MERCHANDISING Y PERSONALIZADOS"},"content":{"rendered":"<section class=\"wpb-content-wrapper\"><p>[vc_row css_animation=\u00bb\u00bb row_type=\u00bbrow\u00bb use_row_as_full_screen_section=\u00bbno\u00bb type=\u00bbfull_width\u00bb angled_section=\u00bbno\u00bb text_align=\u00bbleft\u00bb background_image_as_pattern=\u00bbwithout_pattern\u00bb][vc_column][vc_column_text css=\u00bb.vc_custom_1562586753300{padding-top: 10px !important;padding-bottom: 50px !important;}\u00bb]<\/p>\n<h1 style=\"color: #016644; text-align: center;\">MERCHANDISING Y PERSONALIZADOS<\/h1>\n<p>[\/vc_column_text][vc_single_image image=\u00bb371&#8243; img_size=\u00bbfull\u00bb alignment=\u00bbcenter\u00bb qode_css_animation=\u00bb\u00bb][\/vc_column][\/vc_row][vc_row css_animation=\u00bb\u00bb row_type=\u00bbrow\u00bb use_row_as_full_screen_section=\u00bbno\u00bb type=\u00bbgrid\u00bb angled_section=\u00bbno\u00bb text_align=\u00bbleft\u00bb background_image_as_pattern=\u00bbwithout_pattern\u00bb z_index=\u00bb\u00bb css=\u00bb.vc_custom_1561108303909{padding-top: 40px !important;padding-bottom: 40px !important;}\u00bb][vc_column][vc_column_text el_class=\u00bb.textabout\u00bb]<\/p>\n<p class=\"textabout\">Ofrecemos un cat\u00e1logo completo de productos novedosos responsables con el medio ambiente.<br \/>\nPendrives de cart\u00f3n, madera, bamboo o corcho.<\/p>\n<ul>\n<li>Bol\u00edgrafos y l\u00e1pices ecol\u00f3gicos.<\/li>\n<li>\u00a0L\u00e1pices con semillas (plantables).<\/li>\n<li>Bolsas de tela.<\/li>\n<li>\u00a0Bolsas de f\u00e9cula de patata.<\/li>\n<li>\u00a0Bandejas ecol\u00f3gicas.<\/li>\n<li>\u00a0Pajitas comestibles.<\/li>\n<li>\u00a0Pajitas materiales ecol\u00f3gicos.<\/li>\n<li>Papel reciclado.<\/li>\n<li>\u00a0Y muchos m\u00e1s productos&#8230;<br \/>\nTodos ecol\u00f3gicos y personalizables para tu marca. Descarga nuestro cat\u00e1logo y elige el merchandising que m\u00e1s se ajusta a tu imagen, si no sabes cu\u00e1l elegir, no te preocupes, te asesoramos en la decisi\u00f3n del merchand m\u00e1s adecuado para tu empresa.<\/li>\n<\/ul>\n<p>[\/vc_column_text][\/vc_column][\/vc_row]<\/p>\n<\/section>","protected":false},"excerpt":{"rendered":"<p>[vc_row css_animation=\u00bb\u00bb row_type=\u00bbrow\u00bb use_row_as_full_screen_section=\u00bbno\u00bb type=\u00bbfull_width\u00bb angled_section=\u00bbno\u00bb text_align=\u00bbleft\u00bb background_image_as_pattern=\u00bbwithout_pattern\u00bb][vc_column][vc_column_text css=\u00bb.vc_custom_1562586753300{padding-top: 10px !important;padding-bottom: 50px !important;}\u00bb] MERCHANDISING Y PERSONALIZADOS [\/vc_column_text][vc_single_image image=\u00bb371&#8243; img_size=\u00bbfull\u00bb alignment=\u00bbcenter\u00bb qode_css_animation=\u00bb\u00bb][\/vc_column][\/vc_row][vc_row css_animation=\u00bb\u00bb row_type=\u00bbrow\u00bb use_row_as_full_screen_section=\u00bbno\u00bb type=\u00bbgrid\u00bb angled_section=\u00bbno\u00bb text_align=\u00bbleft\u00bb background_image_as_pattern=\u00bbwithout_pattern\u00bb z_index=\u00bb\u00bb css=\u00bb.vc_custom_1561108303909{padding-top: 40px !important;padding-bottom: 40px !important;}\u00bb][vc_column][vc_column_text el_class=\u00bb.textabout\u00bb] Ofrecemos un cat\u00e1logo completo de productos novedosos responsables con el&#8230;<\/p>\n","protected":false},"author":1,"featured_media":0,"parent":0,"menu_order":0,"comment_status":"closed","ping_status":"closed","template":"","meta":{"footnotes":""},"class_list":["post-354","page","type-page","status-publish","hentry"],"_links":{"self":[{"href":"https:\/\/brezopublicidad.com\/index.php\/wp-json\/wp\/v2\/pages\/354","targetHints":{"allow":["GET"]}}],"collection":[{"href":"https:\/\/brezopublicidad.com\/index.php\/wp-json\/wp\/v2\/pages"}],"about":[{"href":"https:\/\/brezopublicidad.com\/index.php\/wp-json\/wp\/v2\/types\/page"}],"author":[{"embeddable":true,"href":"https:\/\/brezopublicidad.com\/index.php\/wp-json\/wp\/v2\/users\/1"}],"replies":[{"embeddable":true,"href":"https:\/\/brezopublicidad.com\/index.php\/wp-json\/wp\/v2\/comments?post=354"}],"version-history":[{"count":19,"href":"https:\/\/brezopublicidad.com\/index.php\/wp-json\/wp\/v2\/pages\/354\/revisions"}],"predecessor-version":[{"id":463,"href":"https:\/\/brezopublicidad.com\/index.php\/wp-json\/wp\/v2\/pages\/354\/revisions\/463"}],"wp:attachment":[{"href":"https:\/\/brezopublicidad.com\/index.php\/wp-json\/wp\/v2\/media?parent=354"}],"curies":[{"name":"wp","href":"https:\/\/api.w.org\/{rel}","templated":true}]}}