{"id":336,"date":"2019-06-21T10:29:39","date_gmt":"2019-06-21T08:29:39","guid":{"rendered":"http:\/\/localhost\/Brezo\/?page_id=336"},"modified":"2019-07-14T16:38:45","modified_gmt":"2019-07-14T14:38:45","slug":"identidad-corporativa","status":"publish","type":"page","link":"https:\/\/brezopublicidad.com\/index.php\/identidad-corporativa\/","title":{"rendered":"IDENTIDAD CORPORATIVA"},"content":{"rendered":"<section class=\"wpb-content-wrapper\"><p>[vc_row css_animation=\u00bb\u00bb row_type=\u00bbrow\u00bb use_row_as_full_screen_section=\u00bbno\u00bb type=\u00bbfull_width\u00bb angled_section=\u00bbno\u00bb text_align=\u00bbleft\u00bb background_image_as_pattern=\u00bbwithout_pattern\u00bb][vc_column][vc_column_text css=\u00bb.vc_custom_1562586261749{padding-top: 10px !important;padding-bottom: 10px !important;}\u00bb]<\/p>\n<h1 style=\"text-align: center; color: #016644;\">IDENTIDAD CORPORATIVA<\/h1>\n<p>[\/vc_column_text][vc_column_text el_class=\u00bb.textabout\u00bb]<\/p>\n<p class=\"textabout\">Ayudamos a las empresas en el desarrollo o actualizaci\u00f3n de su imagen de marca, sabemos que en este mundo competitivo tu imagen debe saberse diferenciar de las dem\u00e1s y adem\u00e1s queremos que destaque.<\/p>\n<p class=\"textabout\">Te ofrecemos un servicio completo de dise\u00f1o de imagen y manual corporativo: Identidad corporativa, logo, papeler\u00eda corporativa, elementos corporativos de imagen de marca en general.<\/p>\n<p>[\/vc_column_text][\/vc_column][\/vc_row][vc_row css_animation=\u00bb\u00bb row_type=\u00bbrow\u00bb use_row_as_full_screen_section=\u00bbno\u00bb type=\u00bbgrid\u00bb angled_section=\u00bbno\u00bb text_align=\u00bbleft\u00bb background_image_as_pattern=\u00bbwithout_pattern\u00bb z_index=\u00bb\u00bb css=\u00bb.vc_custom_1561108303909{padding-top: 40px !important;padding-bottom: 40px !important;}\u00bb][vc_column][vc_single_image image=\u00bb344&#8243; img_size=\u00bbfull\u00bb alignment=\u00bbcenter\u00bb qode_css_animation=\u00bb\u00bb][\/vc_column][\/vc_row]<\/p>\n<\/section>","protected":false},"excerpt":{"rendered":"<p>[vc_row css_animation=\u00bb\u00bb row_type=\u00bbrow\u00bb use_row_as_full_screen_section=\u00bbno\u00bb type=\u00bbfull_width\u00bb angled_section=\u00bbno\u00bb text_align=\u00bbleft\u00bb background_image_as_pattern=\u00bbwithout_pattern\u00bb][vc_column][vc_column_text css=\u00bb.vc_custom_1562586261749{padding-top: 10px !important;padding-bottom: 10px !important;}\u00bb] IDENTIDAD CORPORATIVA [\/vc_column_text][vc_column_text el_class=\u00bb.textabout\u00bb] Ayudamos a las empresas en el desarrollo o actualizaci\u00f3n de su imagen de marca, sabemos que en este mundo competitivo tu imagen debe saberse diferenciar de las dem\u00e1s&#8230;<\/p>\n","protected":false},"author":1,"featured_media":0,"parent":0,"menu_order":0,"comment_status":"closed","ping_status":"closed","template":"","meta":{"footnotes":""},"class_list":["post-336","page","type-page","status-publish","hentry"],"_links":{"self":[{"href":"https:\/\/brezopublicidad.com\/index.php\/wp-json\/wp\/v2\/pages\/336","targetHints":{"allow":["GET"]}}],"collection":[{"href":"https:\/\/brezopublicidad.com\/index.php\/wp-json\/wp\/v2\/pages"}],"about":[{"href":"https:\/\/brezopublicidad.com\/index.php\/wp-json\/wp\/v2\/types\/page"}],"author":[{"embeddable":true,"href":"https:\/\/brezopublicidad.com\/index.php\/wp-json\/wp\/v2\/users\/1"}],"replies":[{"embeddable":true,"href":"https:\/\/brezopublicidad.com\/index.php\/wp-json\/wp\/v2\/comments?post=336"}],"version-history":[{"count":6,"href":"https:\/\/brezopublicidad.com\/index.php\/wp-json\/wp\/v2\/pages\/336\/revisions"}],"predecessor-version":[{"id":459,"href":"https:\/\/brezopublicidad.com\/index.php\/wp-json\/wp\/v2\/pages\/336\/revisions\/459"}],"wp:attachment":[{"href":"https:\/\/brezopublicidad.com\/index.php\/wp-json\/wp\/v2\/media?parent=336"}],"curies":[{"name":"wp","href":"https:\/\/api.w.org\/{rel}","templated":true}]}}