{"id":3,"date":"2019-05-23T19:15:08","date_gmt":"2019-05-23T17:15:08","guid":{"rendered":"http:\/\/localhost\/Brezo\/?page_id=3"},"modified":"2019-08-06T23:02:22","modified_gmt":"2019-08-06T21:02:22","slug":"politica-cookies","status":"publish","type":"page","link":"https:\/\/brezopublicidad.com\/index.php\/politica-cookies\/","title":{"rendered":"Pol\u00edtica de cookies"},"content":{"rendered":"<section class=\"wpb-content-wrapper\"><p>[vc_row css_animation=\u00bb\u00bb row_type=\u00bbrow\u00bb use_row_as_full_screen_section=\u00bbno\u00bb type=\u00bbfull_width\u00bb angled_section=\u00bbno\u00bb text_align=\u00bbleft\u00bb background_image_as_pattern=\u00bbwithout_pattern\u00bb css=\u00bb.vc_custom_1561118464746{padding-top: 40px !important;padding-bottom: 40px !important;}\u00bb z_index=\u00bb\u00bb][vc_column][vc_column_text]<\/p>\n<h1 style=\"text-align: center;\">Pol\u00edtica de Cookies<\/h1>\n<p>&nbsp;<\/p>\n<p>Le informamos que este sitio web utiliza cookies para mejorar la experiencia de navegaci\u00f3n del usuario. Las cookies personalizan los servicios que ofrece la web, brindando a cada usuario informaci\u00f3n que puede ser de su inter\u00e9s, seg\u00fan el uso que realiza de este sitio web.<\/p>\n<ol>\n<li><strong> \u00bfQu\u00e9 son las cookies?<\/strong><\/li>\n<\/ol>\n<p>Las cookies son peque\u00f1os archivos de datos que se reciben en el terminal desde el sitio web visitado y se usan para registrar ciertas interacciones de la navegaci\u00f3n en un sitio web almacenando datos que podr\u00e1n ser actualizados y recuperados. Estos archivos se almacenan en el ordenador del usuario y contienen datos an\u00f3nimos que no son perjudiciales para su equipo. Se utilizan para recordar las preferencias del usuario, como el idioma seleccionado, los datos de acceso o la personalizaci\u00f3n de la p\u00e1gina.<\/p>\n<p>Las cookies tambi\u00e9n pueden ser utilizadas para registrar informaci\u00f3n an\u00f3nima sobre c\u00f3mo utiliza el sitio el visitante. Por ejemplo, desde qu\u00e9 p\u00e1gina web ha accedido o si ha utilizado un banner publicitario para llegar.<\/p>\n<ol start=\"2\">\n<li><strong> \u00bfQu\u00e9 tipos de cookies existen?<\/strong><\/li>\n<\/ol>\n<p><strong>\u00a0Cookies de mejora del rendimiento<\/strong><\/p>\n<p>Este tipo de cookies conserva sus preferencias por determinadas herramientas o servicios para que no las tenga que reconfigurar cada vez que visita el sitio web, en algunos casos, pueden ser aportadas por terceros.<\/p>\n<p><strong>\u00a0Cookies de an\u00e1lisis estad\u00edstico\u00a0<\/strong><\/p>\n<p>Este tipo de cookies permiten cuantificar el n\u00famero de visitantes y analizar estad\u00edsticamente la utilizaci\u00f3n que hacen los usuarios del sitio web. Estas cookies no ir\u00e1n asociadas a ning\u00fan dato de car\u00e1cter personal que pueda identificar al usuario, dando informaci\u00f3n sobre el comportamiento de navegaci\u00f3n de forma an\u00f3nima.<\/p>\n<p><strong>\u00a0Cookies de geolocalizaci\u00f3n<\/strong><\/p>\n<p>Estas cookies son utilizadas por programas que intentan localizar geogr\u00e1ficamente la situaci\u00f3n del ordenador, smartphone o tablet conectado para, de manera totalmente an\u00f3nima, ofrecerle contenidos y servicios m\u00e1s adecuados.<\/p>\n<p><strong>Cookies de registro\u00a0<\/strong><\/p>\n<p>Cuando usted se registra en nuestro sitio web, se generan cookies que le identifican como usuario registrado. Estas cookies son utilizadas para identificar su cuenta de usuario y sus servicios asociados. Estas cookies se mantienen hasta que no abandone la cuenta, cierre el navegador o apague el dispositivo. Estas cookies pueden ser utilizadas en combinaci\u00f3n con datos anal\u00edticos para identificar de manera individual sus preferencias en nuestro sitio web.<\/p>\n<ol start=\"3\">\n<li><strong>\u00bfQu\u00e9 cookies utilizamos?<\/strong><\/li>\n<\/ol>\n<p>Utilizamos cookies propias como:<\/p>\n<ul>\n<li>wc_cart_hash_&#8230;: Usada por la plantilla para si se habilitara venta online controlar el carrito del usuario. Actualmente no tenemos disponible venta online. Cookie persistente.<\/li>\n<li>surbma-gpga: Cookie destinada a almacenar si el cliente ha aceptado la pol\u00edtica de cookies. Tiene una duraci\u00f3n de 1 a\u00f1o y mes.<\/li>\n<\/ul>\n<p>Utilizamos cookies de terceros de youtube.com debido a que tenemos un reproductor de video de youtube en nuestra p\u00e1gina home:<\/p>\n<ul>\n<li>GPS: Registra una identificaci\u00f3n \u00fanica en dispositivos m\u00f3viles para permitir el seguimiento seg\u00fan la ubicaci\u00f3n geogr\u00e1fica por GPS. Tiene una caducidad de 1 d\u00eda.<\/li>\n<li>IDE: Utilizada por Google DoubleClick para registrar e informar sobre las acciones del usuario en el sitio web tras visualizar o hacer clic en uno de los anuncios del anunciante con el prop\u00f3sito de medir la eficacia de un anuncio y presentar anuncios espec\u00edficos para el usuario. Tiene una caducidad de 1 a\u00f1o.<\/li>\n<li>PREF:Registra una identificaci\u00f3n \u00fanica que utiliza Google para mantener estad\u00edsticas sobre c\u00f3mo utiliza el visitante los v\u00eddeos de YouTube en sitios web diferentes. Tiene una caducidad de 8 meses.<\/li>\n<li>VISITOR_INFO1_LIVE: Utilizada para calcular el ancho de banda para los v\u00eddeos de YouTube integrados. Tiene una caducidad de 179 d\u00edas.<\/li>\n<li>YSC: Registra una identificaci\u00f3n \u00fanica para mantener estad\u00edsticas de qu\u00e9 v\u00eddeos de YouTube ha visto el usuario. Tiene una duraci\u00f3n de sesi\u00f3n.<\/li>\n<li>yt-remote-device-id: Registra las preferencias del reproductor de v\u00eddeo del usuario al ver v\u00eddeos incrustados de YouTube. Cookie persistente.<\/li>\n<li>yt-remote-connected-devices:\u00a0 Registra las preferencias del reproductor de v\u00eddeo del usuario al ver v\u00eddeos incrustados de YouTube. Cookie persistente.<\/li>\n<\/ul>\n<ol start=\"3\">\n<li><strong>C\u00f3mo utilizan terceras partes las cookies de este sitio<\/strong><\/li>\n<\/ol>\n<p>En algunas p\u00e1ginas web se pueden instalar cookies de terceros que permiten gestionar y mejorar los servicios ofrecidos. Como por ejemplo, servicios estad\u00edsticos de Google Analytics.<\/p>\n<ol start=\"4\">\n<li><strong> C\u00f3mo controlar las preferencias de las cookies<\/strong><\/li>\n<\/ol>\n<p>Como usuario de este sitio web puede permitir, bloquear o eliminar las cookies instaladas en su equipo mediante la configuraci\u00f3n de las opciones de su navegador de Internet.<\/p>\n<p>A continuaci\u00f3n le ofrecemos enlaces en los que encontrar\u00e1 informaci\u00f3n sobre c\u00f3mo puede activar sus preferencias en los principales navegadores:<\/p>\n<p><a href=\"https:\/\/support.google.com\/chrome\/answer\/95647?hl=es\">Google Chrome<\/a><\/p>\n<p><a href=\"https:\/\/support.mozilla.org\/es\/kb\/habilitar-y-deshabilitar-cookies-que-los-sitios-we\">Mozilla Firefox<\/a><\/p>\n<p><a href=\"http:\/\/windows.microsoft.com\/es-es\/windows-vista\/block-or-allow-cookies\">Internet Explorer<\/a><\/p>\n<p><a href=\"http:\/\/support.apple.com\/kb\/HT1677?viewlocale=es_ES&amp;locale=es_ES\">Safari<\/a><\/p>\n<ol start=\"5\">\n<li><strong> \u00bfQu\u00e9 pasa si se deshabilitan las cookies?<\/strong><\/li>\n<\/ol>\n<p>En el caso de bloquear o no aceptar la instalaci\u00f3n de cookies es posible que ciertos servicios ofrecidos por este sitio web que necesiten su uso queden deshabilitados. Es posible tambi\u00e9n que la calidad de funcionamiento de la p\u00e1gina web pueda disminuir.<\/p>\n<ol start=\"6\">\n<li><strong> Aceptaci\u00f3n de cookies<\/strong><\/li>\n<\/ol>\n<p>Si contin\u00faa navegando despu\u00e9s de haber sido informado sobre nuestra pol\u00edtica de cookies entendemos que acepta la utilizaci\u00f3n de las cookies. Al acceder a este sitio web por primera vez, ver\u00e1 una ventana donde se le informa de la utilizaci\u00f3n de las cookies y donde puede consultar esta pol\u00edtica de cookies. Si usted consiente la utilizaci\u00f3n de cookies, sigue navegando o hace clic en alg\u00fan link entender\u00e1 que acepta nuestra pol\u00edtica de cookies y por tanto, su instalaci\u00f3n en su equipo o dispositivo. Adem\u00e1s del uso de nuestras cookies propias, permitimos a terceros establecer cookies y acceder en su ordenador. El consentimiento del uso de las cookies de estas empresas est\u00e1 ligado a la navegaci\u00f3n por este sitio web.<\/p>\n<ol start=\"7\">\n<li><strong> Actualizaciones en la Pol\u00edtica de Cookies<\/strong><\/li>\n<\/ol>\n<p>Este sitio web puede modificar esta Pol\u00edtica de cookies en funci\u00f3n de exigencias legislativas, reglamentarias o con la finalidad de adaptar dicha pol\u00edtica a las instrucciones dictadas por la Agencia Espa\u00f1ola de Protecci\u00f3n de Datos, por lo que se aconseja a los usuarios que la visiten peri\u00f3dicamente.[\/vc_column_text][\/vc_column][\/vc_row]<\/p>\n<\/section>","protected":false},"excerpt":{"rendered":"<p>[vc_row css_animation=\u00bb\u00bb row_type=\u00bbrow\u00bb use_row_as_full_screen_section=\u00bbno\u00bb type=\u00bbfull_width\u00bb angled_section=\u00bbno\u00bb text_align=\u00bbleft\u00bb background_image_as_pattern=\u00bbwithout_pattern\u00bb css=\u00bb.vc_custom_1561118464746{padding-top: 40px !important;padding-bottom: 40px !important;}\u00bb z_index=\u00bb\u00bb][vc_column][vc_column_text] Pol\u00edtica de Cookies &nbsp; Le informamos que este sitio web utiliza cookies para mejorar la experiencia de navegaci\u00f3n del usuario. Las cookies personalizan los servicios que ofrece la web, brindando a&#8230;<\/p>\n","protected":false},"author":1,"featured_media":0,"parent":0,"menu_order":0,"comment_status":"closed","ping_status":"open","template":"","meta":{"footnotes":""},"class_list":["post-3","page","type-page","status-publish","hentry"],"_links":{"self":[{"href":"https:\/\/brezopublicidad.com\/index.php\/wp-json\/wp\/v2\/pages\/3","targetHints":{"allow":["GET"]}}],"collection":[{"href":"https:\/\/brezopublicidad.com\/index.php\/wp-json\/wp\/v2\/pages"}],"about":[{"href":"https:\/\/brezopublicidad.com\/index.php\/wp-json\/wp\/v2\/types\/page"}],"author":[{"embeddable":true,"href":"https:\/\/brezopublicidad.com\/index.php\/wp-json\/wp\/v2\/users\/1"}],"replies":[{"embeddable":true,"href":"https:\/\/brezopublicidad.com\/index.php\/wp-json\/wp\/v2\/comments?post=3"}],"version-history":[{"count":9,"href":"https:\/\/brezopublicidad.com\/index.php\/wp-json\/wp\/v2\/pages\/3\/revisions"}],"predecessor-version":[{"id":633,"href":"https:\/\/brezopublicidad.com\/index.php\/wp-json\/wp\/v2\/pages\/3\/revisions\/633"}],"wp:attachment":[{"href":"https:\/\/brezopublicidad.com\/index.php\/wp-json\/wp\/v2\/media?parent=3"}],"curies":[{"name":"wp","href":"https:\/\/api.w.org\/{rel}","templated":true}]}}