{"id":241,"date":"2018-04-03T08:37:23","date_gmt":"2018-04-03T08:37:23","guid":{"rendered":"http:\/\/bridge212.qodeinteractive.com\/?page_id=5"},"modified":"2021-11-11T11:03:09","modified_gmt":"2021-11-11T10:03:09","slug":"home-2","status":"publish","type":"page","link":"https:\/\/brezopublicidad.com\/","title":{"rendered":"Home"},"content":{"rendered":"<section class=\"wpb-content-wrapper\"><p>[vc_row css_animation=\u00bb\u00bb row_type=\u00bbrow\u00bb use_row_as_full_screen_section=\u00bbno\u00bb type=\u00bbfull_width\u00bb angled_section=\u00bbno\u00bb text_align=\u00bbleft\u00bb background_image_as_pattern=\u00bbwithout_pattern\u00bb z_index=\u00bb\u00bb background_color=\u00bb#ffffff\u00bb][vc_column][rev_slider_vc alias=\u00bbhome\u00bb][\/vc_column][\/vc_row][vc_row css_animation=\u00bb\u00bb row_type=\u00bbrow\u00bb use_row_as_full_screen_section=\u00bbno\u00bb type=\u00bbgrid\u00bb angled_section=\u00bbno\u00bb text_align=\u00bbleft\u00bb background_image_as_pattern=\u00bbwithout_pattern\u00bb z_index=\u00bb\u00bb css=\u00bb.vc_custom_1563213368799{margin-top: 70px !important;margin-bottom: 70px !important;}\u00bb][vc_column][vc_column_text]<\/p>\n<h1 style=\"text-align: center; margin-bottom: 30px;\">Brezo Publicidad<\/h1>\n<p>[\/vc_column_text][vc_column_text]<\/p>\n<p style=\"text-align: center; color: #000; font-size: 17px; line-height: 32px; font-style: normal; font-weight: 300;\">Refuerza tu imagen y comunicaciones, con un dise\u00f1o cuidado y con el uso de materiales sostenibles y ecol\u00f3gicos.<\/p>\n<p>[\/vc_column_text]<a  itemprop=\"url\" href=\"http:\/\/brezopublicidad.com\/index.php\/contact\/\" target=\"_self\"  class=\"qbutton  medium center default budget_button\" style=\"color: #ffffff; background-color: #016644;\">Solicita Presupuesto<\/a>[\/vc_column][\/vc_row][vc_row css_animation=\u00bb\u00bb row_type=\u00bbrow\u00bb use_row_as_full_screen_section=\u00bbno\u00bb type=\u00bbgrid\u00bb angled_section=\u00bbno\u00bb text_align=\u00bbleft\u00bb background_image_as_pattern=\u00bbwithout_pattern\u00bb z_index=\u00bb\u00bb css=\u00bb.vc_custom_1563815133343{margin-bottom: 20px !important;}\u00bb el_id=\u00bbservices\u00bb][vc_column width=\u00bb1\/3&#8243;][vc_single_image image=\u00bb314&#8243; img_size=\u00bbfull\u00bb alignment=\u00bbcenter\u00bb onclick=\u00bbcustom_link\u00bb qode_css_animation=\u00bb\u00bb link=\u00bbhttp:\/\/brezopublicidad.com\/index.php\/identidad-corporativa\/\u00bb][qode_elements_holder background_color=\u00bb#ffffff\u00bb number_of_columns=\u00bbone_column\u00bb][qode_elements_holder_item advanced_animations=\u00bbno\u00bb item_padding=\u00bb30px 33px 28px 33px\u00bb][vc_column_text]<\/p>\n<h2 style=\"text-align: center;\">IDENTIDAD<\/h2>\n<h2 style=\"text-align: center;\">CORPORATIVA<\/h2>\n<p>[\/vc_column_text][vc_column_text]<\/p>\n<p style=\"text-align: center;\">Servicio completo de dise\u00f1o de imagen y manual corporativo: Identidad corporativa, logo, papeler\u00eda corporativa, elementos corporativos de imagen de marca en general.<\/p>\n<p>[\/vc_column_text][\/qode_elements_holder_item][\/qode_elements_holder][\/vc_column][vc_column width=\u00bb1\/3&#8243;][vc_single_image image=\u00bb306&#8243; img_size=\u00bbfull\u00bb alignment=\u00bbcenter\u00bb onclick=\u00bbcustom_link\u00bb qode_css_animation=\u00bb\u00bb link=\u00bbhttp:\/\/brezopublicidad.com\/index.php\/impresion-digital-y-offset\/\u00bb][qode_elements_holder background_color=\u00bb#ffffff\u00bb number_of_columns=\u00bbone_column\u00bb][qode_elements_holder_item advanced_animations=\u00bbno\u00bb item_padding=\u00bb30px 33px 28px 33px\u00bb][vc_column_text]<\/p>\n<h2 style=\"text-align: center;\">IMPRESI\u00d3N DIGITAL<\/h2>\n<h2 style=\"text-align: center;\">Y OFFSET<\/h2>\n<p>[\/vc_column_text][vc_column_text]<\/p>\n<p style=\"text-align: center;\">Servicios de impresi\u00f3n adaptado a tus necesidades, en digital o en offset, y siempre usando materiales reciclados de alta calidad.<\/p>\n<p>[\/vc_column_text][\/qode_elements_holder_item][\/qode_elements_holder][\/vc_column][vc_column width=\u00bb1\/3&#8243;][vc_single_image image=\u00bb307&#8243; img_size=\u00bbfull\u00bb alignment=\u00bbcenter\u00bb onclick=\u00bbcustom_link\u00bb qode_css_animation=\u00bb\u00bb link=\u00bbhttp:\/\/brezopublicidad.com\/index.php\/merchandising-y-personalizados\/\u00bb][qode_elements_holder background_color=\u00bb#ffffff\u00bb number_of_columns=\u00bbone_column\u00bb][qode_elements_holder_item advanced_animations=\u00bbno\u00bb item_padding=\u00bb30px 33px 28px 33px\u00bb][vc_column_text]<\/p>\n<h2 style=\"text-align: center;\">MERCHANDISING<\/h2>\n<h2 style=\"text-align: center;\">Y PERSONALIZADOS<\/h2>\n<p>[\/vc_column_text][vc_column_text]<\/p>\n<p style=\"text-align: center;\">Amplio cat\u00e1logo de productos personalizados ecol\u00f3gicos.<\/p>\n<p>[\/vc_column_text][\/qode_elements_holder_item][\/qode_elements_holder][\/vc_column][vc_column][\/vc_column][\/vc_row][vc_row css_animation=\u00bb\u00bb row_type=\u00bbrow\u00bb use_row_as_full_screen_section=\u00bbno\u00bb type=\u00bbgrid\u00bb angled_section=\u00bbno\u00bb text_align=\u00bbleft\u00bb background_image_as_pattern=\u00bbwithout_pattern\u00bb z_index=\u00bb\u00bb css=\u00bb.vc_custom_1563815267596{margin-bottom: 20px !important;}\u00bb el_id=\u00bbservices1&#8243;][vc_column width=\u00bb1\/3&#8243;][vc_single_image image=\u00bb313&#8243; img_size=\u00bbfull\u00bb alignment=\u00bbcenter\u00bb onclick=\u00bbcustom_link\u00bb qode_css_animation=\u00bb\u00bb link=\u00bbhttp:\/\/brezopublicidad.com\/index.php\/serigrafia\/\u00bb][qode_elements_holder background_color=\u00bb#ffffff\u00bb number_of_columns=\u00bbone_column\u00bb][qode_elements_holder_item advanced_animations=\u00bbno\u00bb item_padding=\u00bb30px 33px 28px 33px\u00bb][vc_column_text]<\/p>\n<h2 style=\"text-align: center;\">SERIGRAF\u00cdA<\/h2>\n<h2 style=\"text-align: center;\">Y TEXTIL<\/h2>\n<p>[\/vc_column_text][vc_column_text]<\/p>\n<p style=\"text-align: center;\">Textil y plana.<\/p>\n<p>[\/vc_column_text][\/qode_elements_holder_item][\/qode_elements_holder][\/vc_column][vc_column width=\u00bb1\/3&#8243;][vc_single_image image=\u00bb315&#8243; img_size=\u00bbfull\u00bb alignment=\u00bbcenter\u00bb onclick=\u00bbcustom_link\u00bb qode_css_animation=\u00bb\u00bb link=\u00bbhttp:\/\/brezopublicidad.com\/index.php\/editorial\/\u00bb][qode_elements_holder background_color=\u00bb#ffffff\u00bb number_of_columns=\u00bbone_column\u00bb][qode_elements_holder_item advanced_animations=\u00bbno\u00bb item_padding=\u00bb30px 33px 28px 33px\u00bb][vc_column_text]<\/p>\n<h2 style=\"text-align: center;\">EDITORIAL: REVISTAS<\/h2>\n<h2 style=\"text-align: center;\">Y LIBROS<\/h2>\n<p>[\/vc_column_text][vc_column_text]<\/p>\n<p style=\"text-align: center;\">Trabajos de maquetaci\u00f3n e impresi\u00f3n, para todos tus proyectos editoriales.<\/p>\n<p>[\/vc_column_text][\/qode_elements_holder_item][\/qode_elements_holder][\/vc_column][vc_column width=\u00bb1\/3&#8243;][vc_single_image image=\u00bb316&#8243; img_size=\u00bbfull\u00bb alignment=\u00bbcenter\u00bb onclick=\u00bbcustom_link\u00bb qode_css_animation=\u00bb\u00bb link=\u00bbhttp:\/\/brezopublicidad.com\/index.php\/rotulacion-vehiculos\/\u00bb][qode_elements_holder background_color=\u00bb#ffffff\u00bb number_of_columns=\u00bbone_column\u00bb][qode_elements_holder_item advanced_animations=\u00bbno\u00bb item_padding=\u00bb30px 33px 28px 33px\u00bb][vc_column_text]<\/p>\n<h2 style=\"text-align: center;\">ROTULACI\u00d3N<\/h2>\n<h2 style=\"text-align: center;\">VEH\u00cdCULOS<\/h2>\n<p>[\/vc_column_text][\/qode_elements_holder_item][\/qode_elements_holder][\/vc_column][\/vc_row][vc_row css_animation=\u00bb\u00bb row_type=\u00bbrow\u00bb use_row_as_full_screen_section=\u00bbno\u00bb type=\u00bbgrid\u00bb angled_section=\u00bbno\u00bb text_align=\u00bbleft\u00bb background_image_as_pattern=\u00bbwithout_pattern\u00bb z_index=\u00bb\u00bb css=\u00bb.vc_custom_1563815378533{margin-bottom: 20px !important;}\u00bb el_id=\u00bbservices2&#8243;][vc_column width=\u00bb1\/3&#8243;][vc_single_image image=\u00bb317&#8243; img_size=\u00bbfull\u00bb alignment=\u00bbcenter\u00bb onclick=\u00bbcustom_link\u00bb qode_css_animation=\u00bb\u00bb link=\u00bbhttp:\/\/brezopublicidad.com\/index.php\/rotulacion\/\u00bb][qode_elements_holder background_color=\u00bb#ffffff\u00bb number_of_columns=\u00bbone_column\u00bb][qode_elements_holder_item advanced_animations=\u00bbno\u00bb item_padding=\u00bb30px 33px 28px 33px\u00bb][vc_column_text]<\/p>\n<h2 style=\"text-align: center;\">ROTULACI\u00d3N<\/h2>\n<p>[\/vc_column_text][vc_column_text]<\/p>\n<p style=\"text-align: center;\">Trabajos de dise\u00f1o y desarrollo de r\u00f3tulos y se\u00f1al\u00e9tica, interior y exterior.<\/p>\n<p>[\/vc_column_text][\/qode_elements_holder_item][\/qode_elements_holder][\/vc_column][vc_column width=\u00bb1\/3&#8243;][vc_single_image image=\u00bb318&#8243; img_size=\u00bbfull\u00bb alignment=\u00bbcenter\u00bb onclick=\u00bbcustom_link\u00bb qode_css_animation=\u00bb\u00bb link=\u00bbhttp:\/\/brezopublicidad.com\/index.php\/servicios-fotograficos\/\u00bb][qode_elements_holder background_color=\u00bb#ffffff\u00bb number_of_columns=\u00bbone_column\u00bb][qode_elements_holder_item advanced_animations=\u00bbno\u00bb item_padding=\u00bb30px 33px 28px 33px\u00bb][vc_column_text]<\/p>\n<h2 style=\"text-align: center;\">SERVICIOS<\/h2>\n<h2 style=\"text-align: center;\">FOTOGR\u00c1FICOS<\/h2>\n<p>[\/vc_column_text][vc_column_text]<\/p>\n<p style=\"text-align: center;\">Fotograf\u00eda de producto y de reportaje.<\/p>\n<p>[\/vc_column_text][\/qode_elements_holder_item][\/qode_elements_holder][\/vc_column][vc_column width=\u00bb1\/3&#8243;][vc_single_image image=\u00bb333&#8243; img_size=\u00bbfull\u00bb alignment=\u00bbcenter\u00bb onclick=\u00bbcustom_link\u00bb qode_css_animation=\u00bb\u00bb link=\u00bbhttp:\/\/brezopublicidad.com\/index.php\/social-media\/\u00bb][qode_elements_holder background_color=\u00bb#ffffff\u00bb number_of_columns=\u00bbone_column\u00bb][qode_elements_holder_item advanced_animations=\u00bbno\u00bb item_padding=\u00bb30px 33px 28px 33px\u00bb][vc_column_text]<\/p>\n<h2 style=\"text-align: center;\">CONTENIDOS COMUNICACI\u00d3N<\/h2>\n<h2 style=\"text-align: center;\">SOCIAL MEDIA<\/h2>\n<p>[\/vc_column_text][vc_column_text]<\/p>\n<p style=\"text-align: center;\">Contenidos para tus RRSS y p\u00e1ginas web.<\/p>\n<p>[\/vc_column_text][\/qode_elements_holder_item][\/qode_elements_holder][\/vc_column][\/vc_row][vc_row css_animation=\u00bb\u00bb row_type=\u00bbrow\u00bb use_row_as_full_screen_section=\u00bbno\u00bb type=\u00bbgrid\u00bb angled_section=\u00bbno\u00bb text_align=\u00bbleft\u00bb background_image_as_pattern=\u00bbwithout_pattern\u00bb z_index=\u00bb\u00bb css=\u00bb.vc_custom_1563815378533{margin-bottom: 20px !important;}\u00bb][vc_column width=\u00bb1\/3&#8243;][vc_single_image image=\u00bb674&#8243; img_size=\u00bbfull\u00bb alignment=\u00bbcenter\u00bb onclick=\u00bbcustom_link\u00bb qode_css_animation=\u00bb\u00bb link=\u00bbhttps:\/\/brezopublicidad.com\/index.php\/maquetas-y-figuras-artesanales\/\u00bb][qode_elements_holder background_color=\u00bb#ffffff\u00bb number_of_columns=\u00bbone_column\u00bb][qode_elements_holder_item advanced_animations=\u00bbno\u00bb item_padding=\u00bb30px 33px 28px 33px\u00bb][vc_column_text]<\/p>\n<h2 style=\"text-align: center;\">MAQUETAS Y FIGURAS ARTESANALES<\/h2>\n<p>[\/vc_column_text][vc_column_text]<\/p>\n<p style=\"text-align: center;\">Avanzando para mejorar los servicios a nuestros clientes, publicamos el estudio y trabajo realizado en estos tres videos.<\/p>\n<p>[\/vc_column_text][\/qode_elements_holder_item][\/qode_elements_holder][\/vc_column][vc_column width=\u00bb1\/3&#8243;][\/vc_column][vc_column width=\u00bb1\/3&#8243;][\/vc_column][\/vc_row][vc_row css_animation=\u00bb\u00bb row_type=\u00bbrow\u00bb use_row_as_full_screen_section=\u00bbno\u00bb type=\u00bbgrid\u00bb angled_section=\u00bbno\u00bb text_align=\u00bbleft\u00bb background_image_as_pattern=\u00bbwithout_pattern\u00bb z_index=\u00bb\u00bb css=\u00bb.vc_custom_1563204304198{background-image: url(http:\/\/brezopublicidad.com\/wp-content\/uploads\/2019\/07\/como-3.png?id=443) !important;}\u00bb][vc_column][qode_elements_holder number_of_columns=\u00bbone_column\u00bb][qode_elements_holder_item advanced_animations=\u00bbno\u00bb item_padding=\u00bb250px 156px 250px 156px\u00bb item_padding_600_768=\u00bb150px 35px 150px 35px\u00bb item_padding_480_600=\u00bb100px 5px 100px 5px\u00bb item_padding_480=\u00bb50px 5px 50px 5px\u00bb][vc_column_text]<\/p>\n<h1 style=\"color: #ffffff; text-align: center; line-height: 38px;\">\u00bfC\u00d3MO QUIERES QUE SEA<\/h1>\n<h1 style=\"color: #ffffff; text-align: center;\">TU HUELLA EN EL MUNDO?<\/h1>\n<p>[\/vc_column_text][\/qode_elements_holder_item][\/qode_elements_holder][\/vc_column][\/vc_row][vc_row css_animation=\u00bb\u00bb row_type=\u00bbrow\u00bb use_row_as_full_screen_section=\u00bbno\u00bb type=\u00bbgrid\u00bb angled_section=\u00bbno\u00bb text_align=\u00bbleft\u00bb background_image_as_pattern=\u00bbwithout_pattern\u00bb z_index=\u00bb\u00bb css=\u00bb.vc_custom_1563116172330{margin-top: 50px !important;margin-bottom: 50px !important;}\u00bb][vc_column][vc_column_text css=\u00bb.vc_custom_1563814166865{margin-bottom: 25px !important;}\u00bb]<\/p>\n<h1 style=\"text-align: center; color: #000;\">Cat\u00e1logos<\/h1>\n<p>[\/vc_column_text][vc_row_inner row_type=\u00bbrow\u00bb type=\u00bbfull_width\u00bb text_align=\u00bbleft\u00bb css_animation=\u00bb\u00bb][vc_column_inner width=\u00bb1\/2&#8243;][vc_single_image image=\u00bb583&#8243; img_size=\u00bblarge\u00bb alignment=\u00bbcenter\u00bb onclick=\u00bbcustom_link\u00bb img_link_target=\u00bb_blank\u00bb qode_css_animation=\u00bb\u00bb link=\u00bbhttp:\/\/generalcatalogue2019.eu\/0561ece1f920e1856c8edb65fe2b19eb\/\u00bb][\/vc_column_inner][vc_column_inner width=\u00bb1\/2&#8243;][vc_single_image image=\u00bb624&#8243; img_size=\u00bblarge\u00bb onclick=\u00bbcustom_link\u00bb img_link_target=\u00bb_blank\u00bb qode_css_animation=\u00bb\u00bb link=\u00bbhttps:\/\/issuu.com\/artipascakedecor\/docs\/artipas_hosteleria_2017-baja\/8&#8243;][\/vc_column_inner][\/vc_row_inner][\/vc_column][\/vc_row][vc_row css_animation=\u00bb\u00bb row_type=\u00bbrow\u00bb use_row_as_full_screen_section=\u00bbno\u00bb type=\u00bbgrid\u00bb angled_section=\u00bbno\u00bb text_align=\u00bbleft\u00bb background_image_as_pattern=\u00bbwithout_pattern\u00bb z_index=\u00bb\u00bb css=\u00bb.vc_custom_1563116172330{margin-top: 50px !important;margin-bottom: 50px !important;}\u00bb][vc_column][vc_column_text]<\/p>\n<h1 style=\"text-align: center; color: #000; margin-bottom: 50px;\">Ofertas<\/h1>\n<p>[\/vc_column_text]<div class='qode_product_list_masonry_holder three_columns'><div class='qode_product_list_masonry_holder_inner'><div class=\"qode_product_list_sizer\"><\/div><div class=\"qode_product_list_gutter\"><\/div><div class=\"qode_product_list_item \"><h4 style:\"font-weight: bold;\">Tarjetas:<\/h4><div class=\"qode_product_image\"><img loading=\"lazy\" decoding=\"async\" width=\"600\" height=\"774\" src=\"https:\/\/brezopublicidad.com\/wp-content\/uploads\/2019\/07\/tarjetas_brezo-600x774.png\" class=\"attachment-shop_single size-shop_single wp-post-image\" alt=\"\" srcset=\"https:\/\/brezopublicidad.com\/wp-content\/uploads\/2019\/07\/tarjetas_brezo-600x774.png 600w, https:\/\/brezopublicidad.com\/wp-content\/uploads\/2019\/07\/tarjetas_brezo-233x300.png 233w, https:\/\/brezopublicidad.com\/wp-content\/uploads\/2019\/07\/tarjetas_brezo-768x991.png 768w, https:\/\/brezopublicidad.com\/wp-content\/uploads\/2019\/07\/tarjetas_brezo-794x1024.png 794w, https:\/\/brezopublicidad.com\/wp-content\/uploads\/2019\/07\/tarjetas_brezo-700x903.png 700w, https:\/\/brezopublicidad.com\/wp-content\/uploads\/2019\/07\/tarjetas_brezo.png 1476w\" sizes=\"auto, (max-width: 600px) 100vw, 600px\" \/><\/div><div class=\"qode_product_list_item_inner\" ><div class=\"qode_product_list_item_table\"><div class=\"qode_product_list_item_table_cell\"><h2 itemprop=\"name\" class=\"qode_product_title entry-title\">Tarjetas<\/h2><div class=\"qode_product_separator separator center\" ><\/div><div class=\"qode_product_price\" ><\/div><div class=\"qode_product_price\" ><\/div><\/div><\/div><\/div><\/div><div class=\"qode_product_list_item default\"><h4 style:\"font-weight: bold;\">Calendarios:<\/h4><div class=\"qode_product_image\"><img loading=\"lazy\" decoding=\"async\" width=\"600\" height=\"698\" src=\"https:\/\/brezopublicidad.com\/wp-content\/uploads\/2019\/07\/Calendario_foto-600x698.png\" class=\"attachment-shop_single size-shop_single wp-post-image\" alt=\"\" srcset=\"https:\/\/brezopublicidad.com\/wp-content\/uploads\/2019\/07\/Calendario_foto-600x698.png 600w, https:\/\/brezopublicidad.com\/wp-content\/uploads\/2019\/07\/Calendario_foto-258x300.png 258w, https:\/\/brezopublicidad.com\/wp-content\/uploads\/2019\/07\/Calendario_foto-768x893.png 768w, https:\/\/brezopublicidad.com\/wp-content\/uploads\/2019\/07\/Calendario_foto-881x1024.png 881w, https:\/\/brezopublicidad.com\/wp-content\/uploads\/2019\/07\/Calendario_foto-700x814.png 700w, https:\/\/brezopublicidad.com\/wp-content\/uploads\/2019\/07\/Calendario_foto.png 1518w\" sizes=\"auto, (max-width: 600px) 100vw, 600px\" \/><\/div><div class=\"qode_product_list_item_inner\" ><div class=\"qode_product_list_item_table\"><div class=\"qode_product_list_item_table_cell\"><h2 itemprop=\"name\" class=\"qode_product_title entry-title\">Calendarios<\/h2><div class=\"qode_product_separator separator center\" ><\/div><div class=\"qode_product_price\" ><\/div><div class=\"qode_product_price\" ><\/div><\/div><\/div><\/div><\/div><div class=\"qode_product_list_item \"><h4 style:\"font-weight: bold;\">Impresi\u00f3n:<\/h4><div class=\"qode_product_image\"><img loading=\"lazy\" decoding=\"async\" width=\"600\" height=\"903\" src=\"https:\/\/brezopublicidad.com\/wp-content\/uploads\/2019\/07\/cartel_brezo2-600x903.png\" class=\"attachment-shop_single size-shop_single wp-post-image\" alt=\"\" srcset=\"https:\/\/brezopublicidad.com\/wp-content\/uploads\/2019\/07\/cartel_brezo2-600x903.png 600w, https:\/\/brezopublicidad.com\/wp-content\/uploads\/2019\/07\/cartel_brezo2-199x300.png 199w, https:\/\/brezopublicidad.com\/wp-content\/uploads\/2019\/07\/cartel_brezo2-768x1155.png 768w, https:\/\/brezopublicidad.com\/wp-content\/uploads\/2019\/07\/cartel_brezo2-681x1024.png 681w, https:\/\/brezopublicidad.com\/wp-content\/uploads\/2019\/07\/cartel_brezo2-700x1053.png 700w, https:\/\/brezopublicidad.com\/wp-content\/uploads\/2019\/07\/cartel_brezo2.png 997w\" sizes=\"auto, (max-width: 600px) 100vw, 600px\" \/><\/div><div class=\"qode_product_list_item_inner\" ><div class=\"qode_product_list_item_table\"><div class=\"qode_product_list_item_table_cell\"><h2 itemprop=\"name\" class=\"qode_product_title entry-title\">Impresi\u00f3n<\/h2><div class=\"qode_product_separator separator center\" ><\/div><div class=\"qode_product_price\" >Impresi\u00f3n gran tama\u00f1o, Roll-ups, Banderas...<\/div><div class=\"qode_product_price\" ><\/div><\/div><\/div><\/div><\/div><\/div><\/div>[\/vc_column][\/vc_row][vc_row css_animation=\u00bb\u00bb row_type=\u00bbrow\u00bb use_row_as_full_screen_section=\u00bbno\u00bb type=\u00bbgrid\u00bb angled_section=\u00bbno\u00bb text_align=\u00bbleft\u00bb background_image_as_pattern=\u00bbwithout_pattern\u00bb z_index=\u00bb\u00bb css=\u00bb.vc_custom_1563205178167{background-image: url(http:\/\/brezopublicidad.com\/wp-content\/uploads\/2019\/07\/computer.jpg?id=533) !important;}\u00bb][vc_column][qode_elements_holder number_of_columns=\u00bbone_column\u00bb][qode_elements_holder_item horizontal_alignment=\u00bbcenter\u00bb advanced_animations=\u00bbno\u00bb item_padding=\u00bb250px 156px 250px 156px\u00bb item_padding_600_768=\u00bb150px 35px 150px 35px\u00bb item_padding_480_600=\u00bb100px 5px 100px 5px\u00bb item_padding_480=\u00bb50px 5px 50px 5px\u00bb][vc_column_text css=\u00bb.vc_custom_1564675300294{margin-bottom: 20px !important;}\u00bb]<\/p>\n<h1 style=\"text-align: center; color: #fff; font-size: 45px;\">S\u00edguenos<\/h1>\n<p>[\/vc_column_text]<span class='q_social_icon_holder circle_social' data-color=#ffffff ><a itemprop='url' href='https:\/\/www.facebook.com\/brezopublicidad\/' target='_blank'><span class='fa-stack ' style='background-color: #4267b2;font-size: 100px;'><i class=\"qode_icon_font_awesome fa fa-facebook \" style=\"color: #ffffff;\" ><\/i><\/span><\/a><\/span>[\/qode_elements_holder_item][\/qode_elements_holder][\/vc_column][\/vc_row][vc_row css_animation=\u00bb\u00bb row_type=\u00bbrow\u00bb use_row_as_full_screen_section=\u00bbno\u00bb type=\u00bbgrid\u00bb angled_section=\u00bbno\u00bb text_align=\u00bbleft\u00bb background_image_as_pattern=\u00bbwithout_pattern\u00bb z_index=\u00bb\u00bb css=\u00bb.vc_custom_1563116172330{margin-top: 50px !important;margin-bottom: 50px !important;}\u00bb][vc_column][vc_video link=\u00bbhttps:\/\/youtu.be\/SGQjv2KBOlg\u00bb][\/vc_column][\/vc_row][vc_row css_animation=\u00bb\u00bb row_type=\u00bbrow\u00bb use_row_as_full_screen_section=\u00bbno\u00bb type=\u00bbgrid\u00bb angled_section=\u00bbno\u00bb text_align=\u00bbleft\u00bb background_image_as_pattern=\u00bbwithout_pattern\u00bb z_index=\u00bb\u00bb css=\u00bb.vc_custom_1563213678167{margin-top: 50px !important;padding-top: 50px !important;}\u00bb background_color=\u00bb#ffffff\u00bb][vc_column][qode_clients columns=\u00bbthree_columns\u00bb hover_effect=\u00bbdefault\u00bb disable_separators=\u00bbyes\u00bb][qode_client image=\u00bb615&#8243;][qode_client image=\u00bb619&#8243;][qode_client image=\u00bb618&#8243;][\/qode_clients][\/vc_column][\/vc_row]<\/p>\n<\/section>","protected":false},"excerpt":{"rendered":"<p>[vc_row css_animation=\u00bb\u00bb row_type=\u00bbrow\u00bb use_row_as_full_screen_section=\u00bbno\u00bb type=\u00bbfull_width\u00bb angled_section=\u00bbno\u00bb text_align=\u00bbleft\u00bb background_image_as_pattern=\u00bbwithout_pattern\u00bb z_index=\u00bb\u00bb background_color=\u00bb#ffffff\u00bb][vc_column][rev_slider_vc alias=\u00bbhome\u00bb][\/vc_column][\/vc_row][vc_row css_animation=\u00bb\u00bb row_type=\u00bbrow\u00bb use_row_as_full_screen_section=\u00bbno\u00bb type=\u00bbgrid\u00bb angled_section=\u00bbno\u00bb text_align=\u00bbleft\u00bb background_image_as_pattern=\u00bbwithout_pattern\u00bb z_index=\u00bb\u00bb css=\u00bb.vc_custom_1563213368799{margin-top: 70px !important;margin-bottom: 70px !important;}\u00bb][vc_column][vc_column_text] Brezo Publicidad [\/vc_column_text][vc_column_text] Refuerza tu imagen y comunicaciones, con un dise\u00f1o cuidado y con el uso de materiales sostenibles y ecol\u00f3gicos&#8230;.<\/p>\n","protected":false},"author":1,"featured_media":0,"parent":0,"menu_order":0,"comment_status":"closed","ping_status":"closed","template":"full_width.php","meta":{"footnotes":""},"class_list":["post-241","page","type-page","status-publish","hentry"],"_links":{"self":[{"href":"https:\/\/brezopublicidad.com\/index.php\/wp-json\/wp\/v2\/pages\/241","targetHints":{"allow":["GET"]}}],"collection":[{"href":"https:\/\/brezopublicidad.com\/index.php\/wp-json\/wp\/v2\/pages"}],"about":[{"href":"https:\/\/brezopublicidad.com\/index.php\/wp-json\/wp\/v2\/types\/page"}],"author":[{"embeddable":true,"href":"https:\/\/brezopublicidad.com\/index.php\/wp-json\/wp\/v2\/users\/1"}],"replies":[{"embeddable":true,"href":"https:\/\/brezopublicidad.com\/index.php\/wp-json\/wp\/v2\/comments?post=241"}],"version-history":[{"count":91,"href":"https:\/\/brezopublicidad.com\/index.php\/wp-json\/wp\/v2\/pages\/241\/revisions"}],"predecessor-version":[{"id":280,"href":"https:\/\/brezopublicidad.com\/index.php\/wp-json\/wp\/v2\/pages\/241\/revisions\/280"}],"wp:attachment":[{"href":"https:\/\/brezopublicidad.com\/index.php\/wp-json\/wp\/v2\/media?parent=241"}],"curies":[{"name":"wp","href":"https:\/\/api.w.org\/{rel}","templated":true}]}}