{"id":128,"date":"2018-04-03T13:08:57","date_gmt":"2018-04-03T13:08:57","guid":{"rendered":"http:\/\/bridge212.qodeinteractive.com\/?page_id=128"},"modified":"2019-07-22T17:53:56","modified_gmt":"2019-07-22T15:53:56","slug":"about","status":"publish","type":"page","link":"https:\/\/brezopublicidad.com\/index.php\/about\/","title":{"rendered":"About"},"content":{"rendered":"<section class=\"wpb-content-wrapper\"><p>[vc_row css_animation=\u00bb\u00bb row_type=\u00bbrow\u00bb use_row_as_full_screen_section=\u00bbno\u00bb type=\u00bbgrid\u00bb angled_section=\u00bbno\u00bb text_align=\u00bbleft\u00bb background_image_as_pattern=\u00bbwithout_pattern\u00bb z_index=\u00bb\u00bb css=\u00bb.vc_custom_1561048264839{margin-top: 20px !important;}\u00bb][vc_column][vc_column_text]<\/p>\n<p class=\"textabout\">El brezo re\u00fane todo lo que se necesita para sobrevivir en la naturaleza. El fr\u00e1gil aspecto de sus p\u00e9talos pero la enorme fortaleza de sus ramas, nos inspira en este mundo que debemos proteger por esas mismas dos razones, su fuerza y su fragilidad.<br \/>\nEl mundo de la comunicaci\u00f3n tambi\u00e9n es fuerte y fr\u00e1gil a la vez y como el Brezo queremos sobrevivir en este mundo y dejar huella y que nuestros clientes tambi\u00e9n lo hagan.<br \/>\nPorque la sostenibilidad es un \u00e9xito asegurado. Contamos con un equipo multidisciplinar, para que tus proyectos se hagan realidad.<br \/>\nCreemos firmemente que tu equipo es nuestro equipo. Queremos acompa\u00f1arte en el camino, para crecer con \u00e9xito, siempre manteniendo la filosof\u00eda de la b\u00fasqueda de un mundo mejor.<\/p>\n<p class=\"textabout\">Refuerza tu imagen y comunicaciones, con un dise\u00f1o cuidado y con el uso de materiales sostenibles y ecol\u00f3gicos.<\/p>\n<p class=\"textabout\">No te quedes atr\u00e1s en una sociedad cada vez m\u00e1s preocupada por el medio ambiente.<\/p>\n<p>[\/vc_column_text][\/vc_column][\/vc_row][vc_row css_animation=\u00bb\u00bb row_type=\u00bbrow\u00bb use_row_as_full_screen_section=\u00bbno\u00bb type=\u00bbgrid\u00bb angled_section=\u00bbno\u00bb text_align=\u00bbleft\u00bb background_image_as_pattern=\u00bbwithout_pattern\u00bb z_index=\u00bb\u00bb css=\u00bb.vc_custom_1563117490919{padding-top: 50px !important;}\u00bb][vc_column offset=\u00bbvc_col-lg-offset-0 vc_col-lg-4 vc_col-md-offset-0 vc_col-md-4 vc_col-sm-offset-0 vc_col-xs-12&#8243;][qode_elements_holder number_of_columns=\u00bbone_column\u00bb][qode_elements_holder_item vertical_alignment=\u00bbmiddle\u00bb horizontal_alignment=\u00bbcenter\u00bb advanced_animations=\u00bbno\u00bb item_padding=\u00bb0 35px\u00bb][vc_column_text]<\/p>\n<h2 class=\"textabout\" style=\"text-align: center;\">IDENTIDAD CORPORATIVA<\/h2>\n<p class=\"textabout\">Servicio completo de dise\u00f1o de imagen y manual corporativo: Identidad corporativa, logo, papeler\u00eda corporativa, elementos corporativos de imagen de marca en general.<\/p>\n<p>[\/vc_column_text][vc_empty_space height=\u00bb40px\u00bb][\/qode_elements_holder_item][\/qode_elements_holder][\/vc_column][vc_column offset=\u00bbvc_col-lg-offset-0 vc_col-lg-4 vc_col-md-offset-0 vc_col-md-4 vc_col-sm-offset-0 vc_col-xs-12&#8243;][qode_elements_holder number_of_columns=\u00bbone_column\u00bb][qode_elements_holder_item vertical_alignment=\u00bbmiddle\u00bb horizontal_alignment=\u00bbcenter\u00bb advanced_animations=\u00bbno\u00bb item_padding=\u00bb0 35px\u00bb][vc_column_text]<\/p>\n<h2 class=\"textabout\" style=\"text-align: center;\">IMPRESI\u00d3N DIGITAL Y OFFSET<\/h2>\n<p class=\"textabout\">Servicios de impresi\u00f3n adaptado a tus necesidades, en digital o en offset, y siempre usando materiales reciclados de alta calidad.<\/p>\n<p>[\/vc_column_text][vc_empty_space height=\u00bb40px\u00bb][\/qode_elements_holder_item][\/qode_elements_holder][\/vc_column][vc_column offset=\u00bbvc_col-lg-offset-0 vc_col-lg-4 vc_col-md-offset-0 vc_col-md-4 vc_col-sm-offset-0 vc_col-xs-12&#8243;][qode_elements_holder number_of_columns=\u00bbone_column\u00bb][qode_elements_holder_item vertical_alignment=\u00bbmiddle\u00bb horizontal_alignment=\u00bbcenter\u00bb advanced_animations=\u00bbno\u00bb item_padding=\u00bb0 35px\u00bb][vc_column_text]<\/p>\n<h2 class=\"textabout\" style=\"text-align: center;\">MERCHANDISING Y PERSONALIZADOS<\/h2>\n<p class=\"textabout\">Amplio cat\u00e1logo de productos personalizados ecol\u00f3gicos.<\/p>\n<p>[\/vc_column_text][vc_empty_space height=\u00bb40px\u00bb][\/qode_elements_holder_item][\/qode_elements_holder][\/vc_column][\/vc_row][vc_row css_animation=\u00bb\u00bb row_type=\u00bbrow\u00bb use_row_as_full_screen_section=\u00bbno\u00bb type=\u00bbgrid\u00bb angled_section=\u00bbno\u00bb text_align=\u00bbleft\u00bb background_image_as_pattern=\u00bbwithout_pattern\u00bb z_index=\u00bb\u00bb css=\u00bb.vc_custom_1522834180408{padding-bottom: 75px !important;}\u00bb][vc_column offset=\u00bbvc_col-lg-offset-0 vc_col-lg-4 vc_col-md-offset-0 vc_col-md-4 vc_col-sm-offset-0 vc_col-xs-12&#8243;][qode_elements_holder number_of_columns=\u00bbone_column\u00bb][qode_elements_holder_item vertical_alignment=\u00bbmiddle\u00bb horizontal_alignment=\u00bbcenter\u00bb advanced_animations=\u00bbno\u00bb item_padding=\u00bb0 35px\u00bb][vc_column_text]<\/p>\n<h2 class=\"textabout\" style=\"text-align: center;\">SERIGRAF\u00cdA Y TEXTIL<\/h2>\n<p class=\"textabout\" style=\"text-align: center;\">Textil y plana.<\/p>\n<p>[\/vc_column_text][vc_empty_space height=\u00bb40px\u00bb][\/qode_elements_holder_item][\/qode_elements_holder][qode_elements_holder number_of_columns=\u00bbone_column\u00bb][qode_elements_holder_item vertical_alignment=\u00bbmiddle\u00bb horizontal_alignment=\u00bbcenter\u00bb advanced_animations=\u00bbno\u00bb item_padding=\u00bb0 35px\u00bb][vc_column_text]<\/p>\n<h2 class=\"textabout\" style=\"text-align: center;\">ROTULACI\u00d3N<\/h2>\n<p class=\"textabout\">Trabajos de dise\u00f1o y desarrollo de r\u00f3tulos y se\u00f1al\u00e9tica, interior y exterior.<\/p>\n<p>[\/vc_column_text][vc_empty_space height=\u00bb40px\u00bb][\/qode_elements_holder_item][\/qode_elements_holder][\/vc_column][vc_column offset=\u00bbvc_col-lg-offset-0 vc_col-lg-4 vc_col-md-offset-0 vc_col-md-4 vc_col-sm-offset-0 vc_col-xs-12&#8243;][qode_elements_holder number_of_columns=\u00bbone_column\u00bb][qode_elements_holder_item vertical_alignment=\u00bbmiddle\u00bb horizontal_alignment=\u00bbcenter\u00bb advanced_animations=\u00bbno\u00bb item_padding=\u00bb0 35px\u00bb][vc_column_text]<\/p>\n<h2 class=\"textabout\" style=\"text-align: center;\">EDITORIAL: REVISTAS Y LIBROS<\/h2>\n<p class=\"textabout\">Trabajos de maquetaci\u00f3n e impresi\u00f3n, para todos tus proyectos editoriales.<\/p>\n<p>[\/vc_column_text][vc_empty_space height=\u00bb40px\u00bb][\/qode_elements_holder_item][\/qode_elements_holder][qode_elements_holder number_of_columns=\u00bbone_column\u00bb][qode_elements_holder_item vertical_alignment=\u00bbmiddle\u00bb horizontal_alignment=\u00bbcenter\u00bb advanced_animations=\u00bbno\u00bb item_padding=\u00bb0 35px\u00bb][vc_column_text]<\/p>\n<h2 class=\"textabout\" style=\"text-align: center;\">SERVICIOS FOTOGR\u00c1FICOS<\/h2>\n<p class=\"textabout\" style=\"text-align: center;\">Fotograf\u00eda de producto y reportaje.<\/p>\n<p>[\/vc_column_text][vc_empty_space height=\u00bb40px\u00bb][\/qode_elements_holder_item][\/qode_elements_holder][\/vc_column][vc_column offset=\u00bbvc_col-lg-offset-0 vc_col-lg-4 vc_col-md-offset-0 vc_col-md-4 vc_col-sm-offset-0 vc_col-xs-12&#8243;][qode_elements_holder number_of_columns=\u00bbone_column\u00bb][qode_elements_holder_item vertical_alignment=\u00bbmiddle\u00bb horizontal_alignment=\u00bbcenter\u00bb advanced_animations=\u00bbno\u00bb item_padding=\u00bb0 35px\u00bb][vc_column_text]<\/p>\n<h2 class=\"textabout\" style=\"text-align: center;\">ROTULACI\u00d3N VEH\u00cdCULOS<\/h2>\n<p class=\"textabout\" style=\"text-align: center;\">Dise\u00f1os cuidados para tu flota de veh\u00edculos<\/p>\n<p>[\/vc_column_text][vc_empty_space height=\u00bb40px\u00bb][\/qode_elements_holder_item][\/qode_elements_holder][qode_elements_holder number_of_columns=\u00bbone_column\u00bb][qode_elements_holder_item vertical_alignment=\u00bbmiddle\u00bb horizontal_alignment=\u00bbcenter\u00bb advanced_animations=\u00bbno\u00bb item_padding=\u00bb0 35px\u00bb][vc_column_text]<\/p>\n<h2 class=\"textabout\" style=\"text-align: center;\">CONTENIDOS COMUNICACI\u00d3N SOCIAL MEDIA<\/h2>\n<p class=\"textabout\">Contenidos para tus RRSS y p\u00e1ginas web<\/p>\n<p>[\/vc_column_text][vc_empty_space height=\u00bb40px\u00bb][\/qode_elements_holder_item][\/qode_elements_holder][\/vc_column][\/vc_row][vc_row css_animation=\u00bb\u00bb row_type=\u00bbrow\u00bb use_row_as_full_screen_section=\u00bbno\u00bb type=\u00bbfull_width\u00bb angled_section=\u00bbno\u00bb text_align=\u00bbleft\u00bb background_image_as_pattern=\u00bbwithout_pattern\u00bb][vc_column][\/vc_column][\/vc_row]<\/p>\n<\/section>","protected":false},"excerpt":{"rendered":"<p>[vc_row css_animation=\u00bb\u00bb row_type=\u00bbrow\u00bb use_row_as_full_screen_section=\u00bbno\u00bb type=\u00bbgrid\u00bb angled_section=\u00bbno\u00bb text_align=\u00bbleft\u00bb background_image_as_pattern=\u00bbwithout_pattern\u00bb z_index=\u00bb\u00bb css=\u00bb.vc_custom_1561048264839{margin-top: 20px !important;}\u00bb][vc_column][vc_column_text] El brezo re\u00fane todo lo que se necesita para sobrevivir en la naturaleza. El fr\u00e1gil aspecto de sus p\u00e9talos pero la enorme fortaleza de sus ramas, nos inspira en este mundo que debemos&#8230;<\/p>\n","protected":false},"author":1,"featured_media":0,"parent":0,"menu_order":0,"comment_status":"closed","ping_status":"closed","template":"full_width.php","meta":{"footnotes":""},"class_list":["post-128","page","type-page","status-publish","hentry"],"_links":{"self":[{"href":"https:\/\/brezopublicidad.com\/index.php\/wp-json\/wp\/v2\/pages\/128","targetHints":{"allow":["GET"]}}],"collection":[{"href":"https:\/\/brezopublicidad.com\/index.php\/wp-json\/wp\/v2\/pages"}],"about":[{"href":"https:\/\/brezopublicidad.com\/index.php\/wp-json\/wp\/v2\/types\/page"}],"author":[{"embeddable":true,"href":"https:\/\/brezopublicidad.com\/index.php\/wp-json\/wp\/v2\/users\/1"}],"replies":[{"embeddable":true,"href":"https:\/\/brezopublicidad.com\/index.php\/wp-json\/wp\/v2\/comments?post=128"}],"version-history":[{"count":19,"href":"https:\/\/brezopublicidad.com\/index.php\/wp-json\/wp\/v2\/pages\/128\/revisions"}],"predecessor-version":[{"id":516,"href":"https:\/\/brezopublicidad.com\/index.php\/wp-json\/wp\/v2\/pages\/128\/revisions\/516"}],"wp:attachment":[{"href":"https:\/\/brezopublicidad.com\/index.php\/wp-json\/wp\/v2\/media?parent=128"}],"curies":[{"name":"wp","href":"https:\/\/api.w.org\/{rel}","templated":true}]}}